{"id":645,"date":"2025-07-21T20:44:00","date_gmt":"2025-07-21T20:44:00","guid":{"rendered":"https:\/\/canses.ca\/?page_id=645"},"modified":"2026-03-10T17:14:16","modified_gmt":"2026-03-10T17:14:16","slug":"early-career-professionals","status":"publish","type":"page","link":"https:\/\/canses.ca\/fr\/working-groups\/early-career-professionals\/","title":{"rendered":"CANSES Early Career Professionals Working Group"},"content":{"rendered":"<div class=\"wp-block-cover alignfull is-light has-parallax\" style=\"min-height:500px;aspect-ratio:unset;\"><span aria-hidden=\"true\" class=\"wp-block-cover__background has-white-background-color has-background-dim-70 has-background-dim\"><\/span><div aria-label=\"CANSES logo\" class=\"wp-block-cover__image-background wp-image-141 has-parallax\" role=\"img\" style=\"background-position:50% 50%;background-image:url(https:\/\/canses.ca\/wp-content\/uploads\/2025\/03\/Logo-Globe.jpg);\"><\/div><div class=\"wp-block-cover__inner-container has-global-padding is-layout-constrained wp-block-cover-is-layout-constrained\">\n<h1 class=\"wp-block-heading has-text-align-center alignfull has-text-color has-background\" style=\"color:#004563;background-color:#ffffff9e;padding-right:0;font-size:clamp(1.743rem, 1.743rem + ((1vw - 0.2rem) * 2.285), 3rem);font-style:normal;font-weight:400;text-transform:none\">Groupe de travail des professionnels en d\u00e9but de carri\u00e8re<\/h1>\n<\/div><\/div>\n\n\n\n<section class=\"is-style-nfd-theme-light wp-block-group alignfull has-text-color nfd-divider-ellipse has-global-padding is-content-justification-center is-layout-constrained wp-container-core-group-is-layout-0544b9cf wp-block-group-is-layout-constrained\" style=\"border-style:none;border-width:0px;color:#000000;margin-top:0;margin-bottom:0;padding-top:3rem;padding-right:var(--wp--preset--spacing--40);padding-bottom:var(--wp--preset--spacing--40);padding-left:var(--wp--preset--spacing--40);font-size:clamp(14.642px, 0.915rem + ((1vw - 3.2px) * 0.836), 22px);font-style:normal;font-weight:400;line-height:1.5\">\n<h2 class=\"wp-block-heading has-text-align-center has-system-font-font-family\" style=\"padding-top:0;padding-right:0;padding-bottom:0;padding-left:0;font-size:clamp(15.747px, 0.984rem + ((1vw - 3.2px) * 0.938), 24px);font-style:normal;font-weight:300;line-height:1.5\">Le groupe de travail sur les professionnels en d\u00e9but de carri\u00e8re (ECPWG) est dirig\u00e9 par les membres ex\u00e9cutifs de la CANSES, les docteurs Sara Thompson, Veronica Kitchen et Audrey Gagnon.<\/h2>\n<\/section>\n\n\n\n<section class=\"is-style-default wp-block-group alignfull has-text-color nfd-divider-rounded has-global-padding is-content-justification-center is-layout-constrained wp-container-core-group-is-layout-ec87fd69 wp-block-group-is-layout-constrained\" style=\"border-style:none;border-width:0px;color:#000000;margin-top:0;margin-bottom:0;padding-top:3%;padding-right:2%;padding-bottom:0%;padding-left:2%;font-size:clamp(14.642px, 0.915rem + ((1vw - 3.2px) * 0.836), 22px);font-style:normal;font-weight:400;line-height:1.5\">\n<div style=\"height:0px\" aria-hidden=\"true\" class=\"wp-block-spacer\"><\/div>\n\n\n\n<p class=\"has-text-color has-link-color has-system-font-font-family wp-elements-10341bd364b2c897c00ce7142e5a4783 wp-block-paragraph\" style=\"color:#000000;margin-right:0;margin-left:0;padding-top:var(--wp--preset--spacing--30);padding-right:var(--wp--preset--spacing--30);padding-bottom:0;padding-left:var(--wp--preset--spacing--30);font-size:clamp(14.642px, 0.915rem + ((1vw - 3.2px) * 0.836), 22px);font-style:normal;font-weight:300\">L'ECPWG rassemble des membres qui sont des \u00e9tudiants dipl\u00f4m\u00e9s ou qui ont r\u00e9cemment commenc\u00e9 leur carri\u00e8re professionnelle afin d'explorer et de discuter des questions pertinentes li\u00e9es \u00e0 la conduite de recherches sur l'extr\u00e9misme violent, notamment les m\u00e9thodes, les consid\u00e9rations \u00e9thiques et la mani\u00e8re d'envisager et de prot\u00e9ger la s\u00e9curit\u00e9 des chercheurs. Conscient que la recherche sur l'extr\u00e9misme et les questions connexes peut \u00eatre source d'isolement (car il se peut que peu d'autres coll\u00e8gues de votre \u00e9tablissement m\u00e8nent ce type de recherche), l'ECPWG sert \u00e9galement de m\u00e9canisme de mise en relation entre ses membres, afin que vous puissiez partager vos exp\u00e9riences, discuter de collaborations potentielles et \u00e9changer entre vous.<\/p>\n\n\n\n<div class=\"wp-block-group has-global-padding is-layout-constrained wp-container-core-group-is-layout-93621183 wp-block-group-is-layout-constrained\" style=\"border-style:none;border-width:0px;border-top-left-radius:5px;border-top-right-radius:5px;border-bottom-left-radius:5px;border-bottom-right-radius:5px;padding-top:var(--wp--preset--spacing--50);padding-right:var(--wp--preset--spacing--50);padding-bottom:var(--wp--preset--spacing--50);padding-left:var(--wp--preset--spacing--50);font-size:clamp(16.834px, 1.052rem + ((1vw - 3.2px) * 1.042), 26px);box-shadow:6px 6px 9px rgba(0, 0, 0, 0.2)\">\n<h2 class=\"wp-block-heading has-text-align-center has-text-color has-link-color has-system-font-font-family wp-elements-df9911905250f69b14c1515fb530c949\" style=\"border-style:none;border-width:0px;border-top-left-radius:5px;border-top-right-radius:5px;border-bottom-left-radius:5px;border-bottom-right-radius:5px;color:#004563;padding-top:var(--wp--preset--spacing--40);padding-right:var(--wp--preset--spacing--40);padding-bottom:var(--wp--preset--spacing--40);padding-left:var(--wp--preset--spacing--40);font-size:clamp(23.043px, 1.44rem + ((1vw - 3.2px) * 1.7), 38px);font-style:normal;font-weight:400\">Rejoignez-nous le vendredi 1er mai de 10 h \u00e0 11 h PST (13 h \u00e0 14 h EST) pour deux conf\u00e9rences passionnantes !<\/h2>\n\n\n\n<p class=\"has-medium-font-size wp-block-paragraph\" style=\"padding-top:var(--wp--preset--spacing--30);padding-right:var(--wp--preset--spacing--30);padding-left:var(--wp--preset--spacing--30)\">\u00bb<em><mark style=\"background-color:rgba(0, 0, 0, 0)\" class=\"has-inline-color has-black-color\"><em><strong>R\u00e9daction de demandes de subvention<\/strong><\/em><\/mark><\/em>\u00bb de John Horgan, de l'universit\u00e9 d'\u00c9tat de G\u00e9orgie, et \u00ab<em><mark style=\"background-color:rgba(0, 0, 0, 0)\" class=\"has-inline-color has-black-color\"><em><strong>Le sport et la pr\u00e9vention de l'extr\u00e9misme violent (PVE) dans un contexte mondial<\/strong><\/em><\/mark><\/em>\u00bb de <mark style=\"background-color:rgba(0, 0, 0, 0)\" class=\"has-inline-color has-black-color\">Umair Asif<\/mark> \u00e0 l'Universit\u00e9 du Qu\u00e9bec \u00e0 Montr\u00e9al. Les deux pr\u00e9sentations seront suivies d'une br\u00e8ve s\u00e9ance de questions-r\u00e9ponses.<\/p>\n\n\n\n<p class=\"has-medium-font-size wp-block-paragraph\" style=\"padding-top:var(--wp--preset--spacing--30);padding-right:var(--wp--preset--spacing--30);padding-left:var(--wp--preset--spacing--30)\">Revenez ici pour obtenir plus de d\u00e9tails sur l'inscription !<\/p>\n<\/div>\n<\/section>\n\n\n\n<div style=\"height:10px\" aria-hidden=\"true\" class=\"wp-block-spacer\"><\/div>\n\n\n\n<div class=\"wp-block-group has-border-color has-global-padding is-layout-constrained wp-container-core-group-is-layout-93621183 wp-block-group-is-layout-constrained\" style=\"border-color:#004563;border-style:solid;border-width:1px;border-top-left-radius:5px;border-top-right-radius:5px;border-bottom-left-radius:5px;border-bottom-right-radius:5px;padding-top:var(--wp--preset--spacing--50);padding-right:var(--wp--preset--spacing--50);padding-bottom:var(--wp--preset--spacing--50);padding-left:var(--wp--preset--spacing--50)\">\n<h2 class=\"wp-block-heading has-text-align-center has-text-color has-link-color has-system-font-font-family wp-elements-12c8b6b6656ef8ad5e42999279beb5e7\" style=\"color:#004563;padding-right:0;padding-left:0;font-size:clamp(24.034px, 1.502rem + ((1vw - 3.2px) * 1.814), 40px);font-style:normal;font-weight:400\">Vous souhaitez faire une pr\u00e9sentation lors d'un prochain webinaire de l'ECPWG ?<\/h2>\n\n\n\n<p class=\"has-system-font-font-family has-medium-font-size wp-block-paragraph\" style=\"padding-top:0;padding-right:0;padding-bottom:0;padding-left:0;font-style:normal;font-weight:300\">Les pr\u00e9sentations durent 15 minutes et sont suivies d'une courte s\u00e9ance de questions-r\u00e9ponses. Elles sont con\u00e7ues pour offrir une occasion peu stressante de pr\u00e9senter les recherches en cours. Certaines options de pr\u00e9sentation sont \u00e9num\u00e9r\u00e9es ci-dessous. Veuillez contacter <a href=\"mailto:vkitchen@uwaterloo.ca\">Dr Veronica Kitchen<\/a> pour plus d'informations !<\/p>\n\n\n\n<ul class=\"wp-block-list\">\n<li class=\"\">Tout ce qui concerne l'\u00e9dition (ouvrages universitaires, \u00e9ditoriaux, documents gris)<\/li>\n\n\n\n<li class=\"\">Appliquer\/invoquer la th\u00e9orie dans le travail appliqu\u00e9<\/li>\n\n\n\n<li class=\"\">Concilier vie familiale et autres obligations avec la recherche\/la vie universitaire<\/li>\n\n\n\n<li class=\"\">\u00c9laboration d'un CV<\/li>\n\n\n\n<li class=\"\">Pr\u00e9parez votre \"argumentaire \u00e9clair\" pour discuter et pr\u00e9senter vos recherches<\/li>\n\n\n\n<li class=\"\">Comment cr\u00e9er un ensemble de diapositives percutant<\/li>\n\n\n\n<li class=\"\">Entretiens d'embauche<\/li>\n\n\n\n<li class=\"\">Aborder des sujets difficiles ou d\u00e9licats\/sensibles dans vos \u00e9crits et vos pr\u00e9sentations<\/li>\n\n\n\n<li class=\"\">\u00c9valuation par les pairs<\/li>\n\n\n\n<li class=\"\">R\u00e9daction r\u00e9ussie d'une demande de subvention<\/li>\n\n\n\n<li class=\"\">Passer de la vie \u00e9tudiante \u00e0 la vie professionnelle<\/li>\n\n\n\n<li class=\"\">R\u00e9daction pour diff\u00e9rents publics (universitaires, praticiens, profanes\/communaut\u00e9, d\u00e9cideurs politiques, etc.)<\/li>\n\n\n\n<li class=\"\">\u00c9crire pour avoir un impact<\/li>\n<\/ul>\n<\/div>\n\n\n\n<div style=\"height:10px\" aria-hidden=\"true\" class=\"wp-block-spacer\"><\/div>\n\n\n\n<section class=\"wp-block-group alignwide has-text-color has-background has-global-padding is-content-justification-left is-layout-constrained wp-container-core-group-is-layout-e6f8b341 wp-block-group-is-layout-constrained\" style=\"border-style:none;border-width:0px;border-top-left-radius:10px;border-top-right-radius:10px;border-bottom-left-radius:10px;border-bottom-right-radius:10px;color:#000000;background-color:#ffffff;margin-top:0;margin-bottom:0;padding-top:3%;padding-right:2%;padding-bottom:3%;padding-left:2%;font-size:clamp(0.875rem, 0.875rem + ((1vw - 0.2rem) * 0.227), 1rem);font-style:normal;font-weight:400;line-height:1.5\">\n<div class=\"wp-block-columns is-layout-flex wp-container-core-columns-is-layout-f56f613f wp-block-columns-is-layout-flex\">\n<div class=\"wp-block-column has-border-color is-layout-flow wp-block-column-is-layout-flow\" style=\"border-color:#eeeeee;border-style:dotted;padding-top:var(--wp--preset--spacing--40);padding-right:var(--wp--preset--spacing--40);padding-bottom:var(--wp--preset--spacing--40);padding-left:var(--wp--preset--spacing--40)\">\n<h2 class=\"wp-block-heading has-text-align-center has-text-color has-link-color wp-elements-192234b0d97a21d0b53555fa94f2b17d\" style=\"color:#004563;padding-top:var(--wp--preset--spacing--20);font-size:clamp(20px, 1.25rem + ((1vw - 3.2px) * 1.364), 32px);\">\u00cates-vous pr\u00eat \u00e0 nous rejoindre ?<\/h2>\n\n\n\n<p class=\"has-text-color has-link-color has-system-font-font-family wp-elements-739778eb08baba0da6561497622ee13c wp-block-paragraph\" style=\"color:#000000;margin-right:0;margin-left:0;padding-top:0;padding-right:0;padding-bottom:0;padding-left:0;font-size:clamp(14.642px, 0.915rem + ((1vw - 3.2px) * 0.836), 22px);font-style:normal;font-weight:300\">Si vous trouvez un ou plusieurs groupes qui vous int\u00e9ressent et que vous n'\u00eates pas encore membre, adh\u00e9rez \u00e0 CANSES et cochez les cases WG lors de votre inscription.<\/p>\n\n\n\n<div class=\"wp-block-buttons is-content-justification-center is-layout-flex wp-container-core-buttons-is-layout-6b6c774e wp-block-buttons-is-layout-flex\" style=\"margin-top:0;margin-bottom:0;padding-top:var(--wp--preset--spacing--40);padding-right:0;padding-bottom:var(--wp--preset--spacing--40);padding-left:0\">\n<div class=\"is-style-fill wp-block-button\"><a class=\"wp-block-button__link has-text-color has-background has-medium-font-size has-custom-font-size wp-element-button\" href=\"https:\/\/canses.ca\/fr\/become-a-member\/\" style=\"border-style:none;border-width:0px;border-radius:10px;color:#ffffff;background-color:#004563;padding-top:var(--wp--preset--spacing--20);padding-right:var(--wp--preset--spacing--40);padding-bottom:var(--wp--preset--spacing--20);padding-left:var(--wp--preset--spacing--40);line-height:1.5;text-transform:capitalize\" target=\"_blank\" rel=\"noreferrer noopener\">Devenez membre<\/a><\/div>\n<\/div>\n<\/div>\n\n\n\n<div class=\"wp-block-column has-border-color is-layout-flow wp-block-column-is-layout-flow\" style=\"border-color:#eeeeee;border-style:dotted;padding-top:var(--wp--preset--spacing--40);padding-right:var(--wp--preset--spacing--40);padding-bottom:var(--wp--preset--spacing--40);padding-left:var(--wp--preset--spacing--40)\">\n<h2 class=\"wp-block-heading has-text-align-center has-text-color has-link-color wp-elements-b1a25836222c617d5395f3bddfd8a5ed\" style=\"color:#004563;padding-top:var(--wp--preset--spacing--20);font-size:clamp(20px, 1.25rem + ((1vw - 3.2px) * 1.364), 32px);\">\u00cates-vous d\u00e9j\u00e0 membre de CANSES ?<\/h2>\n\n\n\n<p class=\"has-text-color has-link-color has-system-font-font-family wp-elements-423c3b16f8036f8f83a8e9d889aecab9 wp-block-paragraph\" style=\"color:#000000;margin-right:0;margin-left:0;padding-top:0;padding-right:0;padding-bottom:0;padding-left:0;font-size:clamp(14.642px, 0.915rem + ((1vw - 3.2px) * 0.836), 22px);font-style:normal;font-weight:300\">Si vous \u00eates membre et souhaitez rejoindre un groupe de travail ou mettre \u00e0 jour vos pr\u00e9f\u00e9rences, il vous suffit de mettre \u00e0 jour vos pr\u00e9f\u00e9rences \u00e0 l'aide du bouton ci-dessous.<\/p>\n\n\n\n<div class=\"wp-block-buttons is-content-justification-center is-layout-flex wp-container-core-buttons-is-layout-6b6c774e wp-block-buttons-is-layout-flex\" style=\"margin-top:0;margin-bottom:0;padding-top:var(--wp--preset--spacing--40);padding-right:0;padding-bottom:var(--wp--preset--spacing--40);padding-left:0\">\n<div class=\"is-style-fill wp-block-button\"><a class=\"wp-block-button__link has-text-color has-background has-medium-font-size has-custom-font-size wp-element-button\" href=\"https:\/\/canses.ca\/fr\/working-group-preferences\/\" style=\"border-style:none;border-width:0px;border-radius:10px;color:#ffffff;background-color:#004563;padding-top:var(--wp--preset--spacing--20);padding-right:var(--wp--preset--spacing--40);padding-bottom:var(--wp--preset--spacing--20);padding-left:var(--wp--preset--spacing--40);line-height:1.5;text-transform:capitalize\">Mettre \u00e0 jour les pr\u00e9f\u00e9rences<\/a><\/div>\n<\/div>\n<\/div>\n<\/div>\n<\/section>\n\n\n\n<div style=\"height:30px\" aria-hidden=\"true\" class=\"wp-block-spacer\"><\/div>","protected":false},"excerpt":{"rendered":"<p>The Early Career Professionals Working Group (ECPWG) is led by CANSES executive members Drs. Sara Thompson, Veronica Kitchen, and Audrey Gagnon. The ECPWG brings together members who are graduate students or have recently begun their professional careers to explore and discuss relevant issues related to conducting research on violent extremism, including, for example, methods, ethical [&hellip;]<\/p>\n","protected":false},"author":1,"featured_media":141,"parent":1260,"menu_order":0,"comment_status":"closed","ping_status":"closed","template":"","meta":{"nf_dc_page":"","_crdt_document":"","footnotes":""},"class_list":["post-645","page","type-page","status-publish","has-post-thumbnail","hentry"],"jetpack_sharing_enabled":true,"_links":{"self":[{"href":"https:\/\/canses.ca\/fr\/wp-json\/wp\/v2\/pages\/645","targetHints":{"allow":["GET"]}}],"collection":[{"href":"https:\/\/canses.ca\/fr\/wp-json\/wp\/v2\/pages"}],"about":[{"href":"https:\/\/canses.ca\/fr\/wp-json\/wp\/v2\/types\/page"}],"author":[{"embeddable":true,"href":"https:\/\/canses.ca\/fr\/wp-json\/wp\/v2\/users\/1"}],"replies":[{"embeddable":true,"href":"https:\/\/canses.ca\/fr\/wp-json\/wp\/v2\/comments?post=645"}],"version-history":[{"count":40,"href":"https:\/\/canses.ca\/fr\/wp-json\/wp\/v2\/pages\/645\/revisions"}],"predecessor-version":[{"id":3257,"href":"https:\/\/canses.ca\/fr\/wp-json\/wp\/v2\/pages\/645\/revisions\/3257"}],"up":[{"embeddable":true,"href":"https:\/\/canses.ca\/fr\/wp-json\/wp\/v2\/pages\/1260"}],"wp:featuredmedia":[{"embeddable":true,"href":"https:\/\/canses.ca\/fr\/wp-json\/wp\/v2\/media\/141"}],"wp:attachment":[{"href":"https:\/\/canses.ca\/fr\/wp-json\/wp\/v2\/media?parent=645"}],"curies":[{"name":"wp","href":"https:\/\/api.w.org\/{rel}","templated":true}]}}