{"id":550,"date":"2025-04-29T17:56:00","date_gmt":"2025-04-29T17:56:00","guid":{"rendered":"https:\/\/canses.ca\/?page_id=550"},"modified":"2025-11-03T15:10:38","modified_gmt":"2025-11-03T15:10:38","slug":"disclaimer","status":"publish","type":"page","link":"https:\/\/canses.ca\/fr\/disclaimer\/","title":{"rendered":"CANSES Clause de non-responsabilit\u00e9"},"content":{"rendered":"<div class=\"wp-block-cover alignfull\" style=\"min-height:300px;aspect-ratio:unset;\"><span aria-hidden=\"true\" class=\"wp-block-cover__background has-background-dim-100 has-background-dim\" style=\"background-color:#004563\"><\/span><div class=\"wp-block-cover__inner-container has-global-padding is-layout-constrained wp-block-cover-is-layout-constrained\">\n<h1 class=\"wp-block-heading alignwide has-text-align-center has-text-color\" style=\"border-radius:10px;color:#ffffff;padding-top:var(--wp--preset--spacing--30);padding-right:2rem;padding-bottom:var(--wp--preset--spacing--30);font-size:clamp(2.2rem, 2.2rem + ((1vw - 0.2rem) * 3.273), 4rem);font-style:normal;font-weight:400;line-height:1\">CANSES Clause de non-responsabilit\u00e9<\/h1>\n<\/div><\/div>\n\n\n\n<h2 class=\"wp-block-heading alignwide\" style=\"font-size:clamp(14.642px, 0.915rem + ((1vw - 3.2px) * 0.836), 22px);\">Les informations fournies sur le <a href=\"https:\/\/canses.ca\/fr\/\">site Web CANSES<\/a> sont uniquement destin\u00e9es \u00e0 des fins d'information g\u00e9n\u00e9rale.<\/h2>\n\n\n\n<div class=\"wp-block-group alignwide has-global-padding is-layout-constrained wp-block-group-is-layout-constrained\">\n<p class=\"wp-block-paragraph\"><strong>1. Pas de conseil professionnel<\/strong><\/p>\n\n\n\n<ul class=\"wp-block-list\">\n<li class=\"\">Le contenu du site canses.ca ne constitue pas un avis professionnel.<\/li>\n\n\n\n<li class=\"\">Vous devriez consulter un professionnel qualifi\u00e9 pour obtenir des conseils adapt\u00e9s \u00e0 votre situation.<\/li>\n<\/ul>\n\n\n\n<p class=\"wp-block-paragraph\"><strong>2. Exactitude des informations<\/strong><\/p>\n\n\n\n<ul class=\"wp-block-list\">\n<li class=\"\">Nous nous effor\u00e7ons de fournir des informations exactes et \u00e0 jour.<\/li>\n\n\n\n<li class=\"\">Nous ne garantissons en aucun cas l'exhaustivit\u00e9, l'exactitude ou la fiabilit\u00e9 des informations fournies.<\/li>\n<\/ul>\n\n\n\n<p class=\"wp-block-paragraph\"><strong>3. Liens externes<\/strong><\/p>\n\n\n\n<ul class=\"wp-block-list\">\n<li class=\"\">Le site web CANSES (www.canses.ca) peut contenir des liens vers des sites web externes.<\/li>\n\n\n\n<li class=\"\">CANSES n'est pas responsable du contenu ou des pratiques des sites tiers.<\/li>\n<\/ul>\n\n\n\n<p class=\"wp-block-paragraph\"><strong>4. Limitation de responsabilit\u00e9<\/strong><\/p>\n\n\n\n<ul class=\"wp-block-list\">\n<li class=\"\">CANSES n'est pas responsable des pertes ou dommages r\u00e9sultant de votre utilisation de ce site Web.<\/li>\n<\/ul>\n\n\n\n<p class=\"wp-block-paragraph\"><strong>5. Modifications apport\u00e9es \u00e0 la pr\u00e9sente clause de non-responsabilit\u00e9<\/strong><\/p>\n\n\n\n<ul class=\"wp-block-list\">\n<li class=\"\">Nous pouvons mettre \u00e0 jour cette clause de non-responsabilit\u00e9 \u00e0 tout moment.<\/li>\n\n\n\n<li class=\"\">Les modifications prennent effet d\u00e8s leur publication sur cette page.<\/li>\n<\/ul>\n\n\n\n<p class=\"wp-block-paragraph\"><strong>6. Contactez-nous<\/strong><\/p>\n\n\n\n<p class=\"wp-block-paragraph\">Des questions concernant cette clause de non-responsabilit\u00e9 ? Contactez : can_ses@sfu.ca.<\/p>\n<\/div>\n\n\n\n<p class=\"has-text-align-right has-small-font-size wp-block-paragraph\">Effective April 2025<\/p>\n\n\n\n<div style=\"height:20px\" aria-hidden=\"true\" class=\"wp-block-spacer\"><\/div>","protected":false},"excerpt":{"rendered":"<p>The information provided on the CANSES website is for general informational purposes only. 1. No Professional Advice 2. Accuracy of Information 3. External Links 4. Limitation of Liability 5. Changes to This Disclaimer 6. Contact Us Questions about this Disclaimer? Contact: can_ses@sfu.ca. Effective April 2025<\/p>","protected":false},"author":1,"featured_media":229,"parent":0,"menu_order":0,"comment_status":"closed","ping_status":"closed","template":"","meta":{"nf_dc_page":"","_crdt_document":"","footnotes":""},"class_list":["post-550","page","type-page","status-publish","has-post-thumbnail","hentry"],"jetpack_sharing_enabled":true,"_links":{"self":[{"href":"https:\/\/canses.ca\/fr\/wp-json\/wp\/v2\/pages\/550","targetHints":{"allow":["GET"]}}],"collection":[{"href":"https:\/\/canses.ca\/fr\/wp-json\/wp\/v2\/pages"}],"about":[{"href":"https:\/\/canses.ca\/fr\/wp-json\/wp\/v2\/types\/page"}],"author":[{"embeddable":true,"href":"https:\/\/canses.ca\/fr\/wp-json\/wp\/v2\/users\/1"}],"replies":[{"embeddable":true,"href":"https:\/\/canses.ca\/fr\/wp-json\/wp\/v2\/comments?post=550"}],"version-history":[{"count":24,"href":"https:\/\/canses.ca\/fr\/wp-json\/wp\/v2\/pages\/550\/revisions"}],"predecessor-version":[{"id":2325,"href":"https:\/\/canses.ca\/fr\/wp-json\/wp\/v2\/pages\/550\/revisions\/2325"}],"wp:featuredmedia":[{"embeddable":true,"href":"https:\/\/canses.ca\/fr\/wp-json\/wp\/v2\/media\/229"}],"wp:attachment":[{"href":"https:\/\/canses.ca\/fr\/wp-json\/wp\/v2\/media?parent=550"}],"curies":[{"name":"wp","href":"https:\/\/api.w.org\/{rel}","templated":true}]}}