{"id":3145,"date":"2026-02-25T19:00:18","date_gmt":"2026-02-25T19:00:18","guid":{"rendered":"https:\/\/canses.ca\/?page_id=3145"},"modified":"2026-03-16T20:48:07","modified_gmt":"2026-03-16T20:48:07","slug":"canses-events","status":"publish","type":"page","link":"https:\/\/canses.ca\/fr\/canses-events\/","title":{"rendered":"\u00c9v\u00e9nements CANSES"},"content":{"rendered":"<div class=\"wp-block-cover alignfull is-light has-parallax\" style=\"min-height:500px;aspect-ratio:unset;\"><span aria-hidden=\"true\" class=\"wp-block-cover__background has-white-background-color has-background-dim-70 has-background-dim\"><\/span><div aria-label=\"CANSES logo\" class=\"wp-block-cover__image-background wp-image-141 has-parallax\" role=\"img\" style=\"background-position:50% 50%;background-image:url(https:\/\/canses.ca\/wp-content\/uploads\/2025\/03\/Logo-Globe.jpg);\"><\/div><div class=\"wp-block-cover__inner-container has-global-padding is-layout-constrained wp-block-cover-is-layout-constrained\">\n<h1 class=\"wp-block-heading has-text-align-center alignfull has-text-color has-background\" style=\"color:#004563;background-color:#ffffff9e;padding-right:0;font-size:clamp(1.743rem, 1.743rem + ((1vw - 0.2rem) * 2.285), 3rem);font-style:normal;font-weight:400;text-transform:none\">\u00c9v\u00e9nements CANSES<\/h1>\n<\/div><\/div>\n\n\n\n<div class=\"is-style-default wp-block-group alignfull has-background nfd-divider-ellipse has-global-padding is-layout-constrained wp-container-core-group-is-layout-92a0901f wp-block-group-is-layout-constrained\" style=\"background-color:#004563;margin-top:0;margin-bottom:0;padding-top:3rem;padding-right:var(--wp--preset--spacing--40);padding-bottom:var(--wp--preset--spacing--40);padding-left:var(--wp--preset--spacing--40)\">\n<div class=\"wp-block-group alignwide has-global-padding is-layout-constrained wp-container-core-group-is-layout-c20fe6a2 wp-block-group-is-layout-constrained\" style=\"padding-right:var(--wp--preset--spacing--30);padding-left:var(--wp--preset--spacing--30)\">\n<h2 class=\"wp-block-heading has-text-align-center alignfull has-text-color has-link-color wp-elements-8bea7ea561e601cf5714c692ce9f3f15\" style=\"color:#ffffff;padding-top:0;padding-right:var(--wp--preset--spacing--30);padding-bottom:0;padding-left:var(--wp--preset--spacing--30);font-size:clamp(17.905px, 1.119rem + ((1vw - 3.2px) * 1.147), 28px);font-style:normal;font-weight:300\">D\u00e9couvrez ici les \u00e9v\u00e9nements pass\u00e9s et \u00e0 venir du CANSES !<\/h2>\n<\/div>\n<\/div>\n\n\n\n<div style=\"height:20px\" aria-hidden=\"true\" class=\"wp-block-spacer\"><\/div>\n\n\n\n<div class=\"wp-block-group alignwide has-global-padding is-layout-constrained wp-container-core-group-is-layout-a7f2d5d5 wp-block-group-is-layout-constrained\" style=\"border-top-left-radius:20px;border-top-right-radius:20px;border-bottom-left-radius:20px;border-bottom-right-radius:20px;padding-top:var(--wp--preset--spacing--30);padding-right:var(--wp--preset--spacing--40);padding-bottom:var(--wp--preset--spacing--30);padding-left:var(--wp--preset--spacing--40);box-shadow:6px 6px 9px rgba(0, 0, 0, 0.2)\">\n<div class=\"wp-block-columns is-layout-flex wp-container-core-columns-is-layout-f56f613f wp-block-columns-is-layout-flex\">\n<div class=\"wp-block-column is-layout-flow wp-block-column-is-layout-flow\">\n<div class=\"is-style-default wp-block-group alignwide has-background has-global-padding is-layout-constrained wp-container-core-group-is-layout-93621183 wp-block-group-is-layout-constrained\" style=\"border-top-left-radius:20px;border-top-right-radius:20px;border-bottom-left-radius:20px;border-bottom-right-radius:20px;background-color:#f5f9fc;padding-top:var(--wp--preset--spacing--50);padding-right:var(--wp--preset--spacing--50);padding-bottom:var(--wp--preset--spacing--50);padding-left:var(--wp--preset--spacing--50)\">\n<h3 class=\"wp-block-heading has-text-align-center has-border-color has-text-color has-link-color wp-elements-e92b01896142468743c51b54f1c57632\" style=\"border-color:#004563;border-style:solid;border-width:1px;border-top-left-radius:10px;border-top-right-radius:10px;border-bottom-left-radius:10px;border-bottom-right-radius:10px;color:#004563;padding-top:var(--wp--preset--spacing--30);padding-bottom:var(--wp--preset--spacing--30);font-size:clamp(20px, 1.25rem + ((1vw - 3.2px) * 1.364), 32px);\">Deuxi\u00e8me atelier annuel CANSES<\/h3>\n\n\n\n<div style=\"height:10px\" aria-hidden=\"true\" class=\"wp-block-spacer\"><\/div>\n\n\n\n<figure class=\"is-style-default wp-block-image aligncenter size-medium has-custom-border\" style=\"margin-top:0;margin-right:0;margin-bottom:0;margin-left:0\"><img data-recalc-dims=\"1\" loading=\"lazy\" decoding=\"async\" width=\"300\" height=\"169\" src=\"https:\/\/i0.wp.com\/canses.ca\/wp-content\/uploads\/2025\/07\/rob-patterson-YmAruNPnSuc-unsplash.jpg?resize=300%2C169&#038;ssl=1\" alt=\"\" class=\"wp-image-1442\" style=\"border-top-left-radius:10px;border-top-right-radius:10px;border-bottom-left-radius:10px;border-bottom-right-radius:10px\" srcset=\"https:\/\/i0.wp.com\/canses.ca\/wp-content\/uploads\/2025\/07\/rob-patterson-YmAruNPnSuc-unsplash-scaled.jpg?resize=300%2C169&amp;ssl=1 300w, https:\/\/i0.wp.com\/canses.ca\/wp-content\/uploads\/2025\/07\/rob-patterson-YmAruNPnSuc-unsplash-scaled.jpg?resize=1024%2C576&amp;ssl=1 1024w, https:\/\/i0.wp.com\/canses.ca\/wp-content\/uploads\/2025\/07\/rob-patterson-YmAruNPnSuc-unsplash-scaled.jpg?resize=768%2C432&amp;ssl=1 768w, https:\/\/i0.wp.com\/canses.ca\/wp-content\/uploads\/2025\/07\/rob-patterson-YmAruNPnSuc-unsplash-scaled.jpg?resize=1536%2C864&amp;ssl=1 1536w, https:\/\/i0.wp.com\/canses.ca\/wp-content\/uploads\/2025\/07\/rob-patterson-YmAruNPnSuc-unsplash-scaled.jpg?resize=2048%2C1152&amp;ssl=1 2048w\" sizes=\"auto, (max-width: 300px) 100vw, 300px\" \/><\/figure>\n\n\n\n<p class=\"has-text-align-center wp-block-paragraph\" style=\"font-size:clamp(14.642px, 0.915rem + ((1vw - 3.2px) * 0.836), 22px);font-style:normal;font-weight:400\">Date : 25-26 septembre 2025<br>Lieu : Salle de conf\u00e9rence Loyola, Universit\u00e9 St. Mary's, Halifax, Nouvelle-\u00c9cosse<\/p>\n\n\n\n<p style=\"padding-right:var(--wp--preset--spacing--30);padding-left:var(--wp--preset--spacing--30);font-size:clamp(14.642px, 0.915rem + ((1vw - 3.2px) * 0.836), 22px);font-style:normal;font-weight:300\" class=\"wp-block-paragraph\">Cet atelier comprenait une s\u00e9rie de pr\u00e9sentations et de tables rondes explorant des questions cruciales \u00e0 l'intersection entre la s\u00e9curit\u00e9, l'extr\u00e9misme et la soci\u00e9t\u00e9.<\/p>\n<\/div>\n<\/div>\n<\/div>\n<\/div>\n\n\n\n<div style=\"height:20px\" aria-hidden=\"true\" class=\"wp-block-spacer\"><\/div>","protected":false},"excerpt":{"rendered":"<p>View past and upcoming CANSES events here! 2nd Annual CANSES Workshop Date: September 25-26, 2025Location: Loyola Conference Hall, St. Mary\u2019s University, Halifax, Nova Scotia This workshop featured a series of presentations and roundtable discussions exploring critical issues at the intersection of security, extremism, and society.<\/p>","protected":false},"author":1,"featured_media":141,"parent":0,"menu_order":0,"comment_status":"closed","ping_status":"closed","template":"","meta":{"nf_dc_page":"","_crdt_document":"","footnotes":""},"class_list":["post-3145","page","type-page","status-publish","has-post-thumbnail","hentry"],"jetpack_sharing_enabled":true,"_links":{"self":[{"href":"https:\/\/canses.ca\/fr\/wp-json\/wp\/v2\/pages\/3145","targetHints":{"allow":["GET"]}}],"collection":[{"href":"https:\/\/canses.ca\/fr\/wp-json\/wp\/v2\/pages"}],"about":[{"href":"https:\/\/canses.ca\/fr\/wp-json\/wp\/v2\/types\/page"}],"author":[{"embeddable":true,"href":"https:\/\/canses.ca\/fr\/wp-json\/wp\/v2\/users\/1"}],"replies":[{"embeddable":true,"href":"https:\/\/canses.ca\/fr\/wp-json\/wp\/v2\/comments?post=3145"}],"version-history":[{"count":5,"href":"https:\/\/canses.ca\/fr\/wp-json\/wp\/v2\/pages\/3145\/revisions"}],"predecessor-version":[{"id":3280,"href":"https:\/\/canses.ca\/fr\/wp-json\/wp\/v2\/pages\/3145\/revisions\/3280"}],"wp:featuredmedia":[{"embeddable":true,"href":"https:\/\/canses.ca\/fr\/wp-json\/wp\/v2\/media\/141"}],"wp:attachment":[{"href":"https:\/\/canses.ca\/fr\/wp-json\/wp\/v2\/media?parent=3145"}],"curies":[{"name":"wp","href":"https:\/\/api.w.org\/{rel}","templated":true}]}}