{"id":2334,"date":"2025-11-06T18:55:30","date_gmt":"2025-11-06T18:55:30","guid":{"rendered":"https:\/\/canses.ca\/?page_id=2334"},"modified":"2026-03-17T18:30:31","modified_gmt":"2026-03-17T18:30:31","slug":"nihilistic-violent-extremism","status":"publish","type":"page","link":"https:\/\/canses.ca\/fr\/working-groups\/nihilistic-violent-extremism\/","title":{"rendered":"Groupe de travail sur l'extr\u00e9misme violent nihiliste"},"content":{"rendered":"<div class=\"wp-block-cover alignfull is-light has-parallax\" style=\"min-height:500px;aspect-ratio:unset;\"><span aria-hidden=\"true\" class=\"wp-block-cover__background has-white-background-color has-background-dim-70 has-background-dim\"><\/span><div aria-label=\"CANSES logo\" class=\"wp-block-cover__image-background wp-image-141 has-parallax\" role=\"img\" style=\"background-position:50% 50%;background-image:url(https:\/\/canses.ca\/wp-content\/uploads\/2025\/03\/Logo-Globe.jpg);\"><\/div><div class=\"wp-block-cover__inner-container has-global-padding is-layout-constrained wp-block-cover-is-layout-constrained\">\n<h1 class=\"wp-block-heading has-text-align-center alignfull has-text-color has-background\" style=\"color:#004563;background-color:#ffffff9e;padding-right:0;font-size:clamp(1.743rem, 1.743rem + ((1vw - 0.2rem) * 2.285), 3rem);font-style:normal;font-weight:400;text-transform:none\">Groupe de travail sur l'extr\u00e9misme violent nihiliste<\/h1>\n<\/div><\/div>\n\n\n\n<section class=\"is-style-nfd-theme-light wp-block-group alignfull has-text-color nfd-divider-ellipse has-global-padding is-content-justification-center is-layout-constrained wp-container-core-group-is-layout-ec87fd69 wp-block-group-is-layout-constrained\" style=\"border-style:none;border-width:0px;color:#000000;margin-top:0;margin-bottom:0;padding-top:3%;padding-right:2%;padding-bottom:0%;padding-left:2%;font-size:clamp(14.642px, 0.915rem + ((1vw - 3.2px) * 0.836), 22px);font-style:normal;font-weight:400;line-height:1.5\">\n<p class=\"has-text-align-center has-medium-font-size wp-block-paragraph\"><\/p>\n<\/section>\n\n\n\n<section class=\"is-style-default wp-block-group alignfull has-text-color nfd-divider-ellipse has-global-padding is-content-justification-center is-layout-constrained wp-container-core-group-is-layout-ec87fd69 wp-block-group-is-layout-constrained\" style=\"border-style:none;border-width:0px;color:#000000;margin-top:0;margin-bottom:0;padding-top:3%;padding-right:2%;padding-bottom:0%;padding-left:2%;font-size:clamp(14.642px, 0.915rem + ((1vw - 3.2px) * 0.836), 22px);font-style:normal;font-weight:400;line-height:1.5\">\n<div style=\"height:20px\" aria-hidden=\"true\" class=\"wp-block-spacer\"><\/div>\n\n\n\n<p class=\"has-text-color has-link-color has-system-font-font-family wp-elements-b8666c1ad329b8babaa6e1fb19ca9b8c wp-block-paragraph\" style=\"color:#000000;margin-right:0;margin-left:0;padding-top:0;padding-right:var(--wp--preset--spacing--30);padding-bottom:0;padding-left:var(--wp--preset--spacing--30);font-size:clamp(14.642px, 0.915rem + ((1vw - 3.2px) * 0.836), 22px);font-style:normal;font-weight:300\">L'extr\u00e9misme violent nihiliste (EVN) devient rapidement une pr\u00e9occupation majeure dans le domaine de la pr\u00e9vention et de la lutte contre l'extr\u00e9misme violent (P\/CVE). La menace \u00e9mergente que repr\u00e9sente l'EVN est multiforme et sa lutte n\u00e9cessitera la contribution et l'implication de personnes issues d'un large \u00e9ventail de disciplines, y compris des domaines qui n'ont traditionnellement pas \u00e9t\u00e9 associ\u00e9s \u00e0 l'extr\u00e9misme violent, tels que l'exploitation sexuelle et le trafic d'enfants, l'automutilation, la m\u00e9decine d'urgence et les sciences v\u00e9t\u00e9rinaires. <\/p>\n\n\n\n<p style=\"padding-right:var(--wp--preset--spacing--30);padding-left:var(--wp--preset--spacing--30)\" class=\"wp-block-paragraph\">Les objectifs du Groupe de travail sur l'extr\u00e9misme violent nihiliste (NVEWG) sont de r\u00e9unir des personnes issues de diverses disciplines afin de :<\/p>\n\n\n\n<ul class=\"wp-block-list\">\n<li class=\"\">Mieux comprendre et d\u00e9finir la NVE.<\/li>\n\n\n\n<li class=\"\">Aidez \u00e0 produire des documents, tels que des explications de deux pages et des mini-guides, adapt\u00e9s \u00e0 des publics particuliers.<\/li>\n\n\n\n<li class=\"\">D\u00e9velopper et mener des recherches en consultation avec tous nos partenaires afin qu'elles soient pratiques et pertinentes.<\/li>\n<\/ul>\n<\/section>\n\n\n\n<div style=\"height:5px\" aria-hidden=\"true\" class=\"wp-block-spacer\"><\/div>\n\n\n\n<div class=\"wp-block-group has-global-padding is-layout-constrained wp-block-group-is-layout-constrained\">\n<div class=\"wp-block-columns are-vertically-aligned-center has-border-color is-layout-flex wp-container-core-columns-is-layout-7e25ed71 wp-block-columns-is-layout-flex\" style=\"border-color:#004563;border-width:1px;border-top-left-radius:5px;border-top-right-radius:5px;border-bottom-left-radius:5px;border-bottom-right-radius:5px;padding-top:var(--wp--preset--spacing--60);padding-right:var(--wp--preset--spacing--50);padding-bottom:var(--wp--preset--spacing--60);padding-left:var(--wp--preset--spacing--50);box-shadow:none\">\n<div class=\"wp-block-column is-vertically-aligned-center is-layout-flow wp-block-column-is-layout-flow\">\n<div class=\"wp-block-group is-vertical is-content-justification-center is-layout-flex wp-container-core-group-is-layout-fc333d23 wp-block-group-is-layout-flex\">\n<div class=\"nfd-shadow-xs nfd-rounded-full nfd-bg-subtle wp-block-group has-global-padding is-layout-constrained wp-container-core-group-is-layout-191154e6 wp-block-group-is-layout-constrained\" style=\"padding-top:6px;padding-right:16px;padding-bottom:6px;padding-left:16px\">\n<p class=\"nfd-text-xs has-text-color has-link-color wp-elements-7df284e4e2cc192429c46d52d02a4747 wp-block-paragraph\" style=\"color:#004563;font-style:normal;font-weight:600;text-transform:uppercase\">26 novembre 2025<\/p>\n<\/div>\n\n\n\n<h2 class=\"wp-block-heading has-text-align-center has-text-color has-link-color has-large-font-size wp-elements-cfd45ca01e3d94f07900da0dcf4856a8\" style=\"color:#004563;padding-top:var(--wp--preset--spacing--20)\">Compte rendu de la r\u00e9union du groupe de travail sur l'extr\u00e9misme violent nihiliste<\/h2>\n\n\n\n<p class=\"wp-block-paragraph\">Consultez ci-dessous le proc\u00e8s-verbal de la r\u00e9union en anglais ou en fran\u00e7ais<\/p>\n\n\n\n<div style=\"height:0px\" aria-hidden=\"true\" class=\"wp-block-spacer wp-container-content-728072c3\"><\/div>\n\n\n\n<div class=\"wp-block-group is-nowrap is-layout-flex wp-container-core-group-is-layout-f56f613f wp-block-group-is-layout-flex\">\n<div class=\"wp-block-buttons is-content-justification-center is-layout-flex wp-container-core-buttons-is-layout-20959078 wp-block-buttons-is-layout-flex\">\n<div class=\"wp-block-button\"><a class=\"wp-block-button__link has-text-color has-background has-link-color has-custom-font-size wp-element-button\" href=\"https:\/\/canses.ca\/wp-content\/uploads\/2025\/12\/CANSES-NVEWG-Meeting-26NOV2025.pdf\" style=\"color:#ffffff;background-color:#004563;padding-top:var(--wp--preset--spacing--20);padding-right:var(--wp--preset--spacing--40);padding-bottom:var(--wp--preset--spacing--20);padding-left:var(--wp--preset--spacing--40);font-size:clamp(14px, 0.875rem + ((1vw - 3.2px) * 0.455), 18px);\" target=\"_blank\" rel=\"noreferrer noopener\">Anglais<\/a><\/div>\n\n\n\n<div class=\"wp-block-button\"><a class=\"wp-block-button__link has-text-color has-background has-link-color has-custom-font-size wp-element-button\" href=\"https:\/\/canses.ca\/wp-content\/uploads\/2025\/12\/CANSES-NVEWG-Meeting-FR-26NOV2025.pdf\" style=\"color:#ffffff;background-color:#004563;padding-top:var(--wp--preset--spacing--20);padding-right:var(--wp--preset--spacing--40);padding-bottom:var(--wp--preset--spacing--20);padding-left:var(--wp--preset--spacing--40);font-size:clamp(14px, 0.875rem + ((1vw - 3.2px) * 0.455), 18px);\" target=\"_blank\" rel=\"noreferrer noopener\">Fran\u00e7ais<\/a><\/div>\n<\/div>\n<\/div>\n<\/div>\n<\/div>\n<\/div>\n<\/div>\n\n\n\n<section class=\"wp-block-group alignwide has-text-color has-background has-global-padding is-content-justification-left is-layout-constrained wp-container-core-group-is-layout-e6f8b341 wp-block-group-is-layout-constrained\" style=\"border-style:none;border-width:0px;border-top-left-radius:10px;border-top-right-radius:10px;border-bottom-left-radius:10px;border-bottom-right-radius:10px;color:#000000;background-color:#ffffff;margin-top:0;margin-bottom:0;padding-top:3%;padding-right:2%;padding-bottom:3%;padding-left:2%;font-size:clamp(0.875rem, 0.875rem + ((1vw - 0.2rem) * 0.227), 1rem);font-style:normal;font-weight:400;line-height:1.5\">\n<div class=\"wp-block-columns is-layout-flex wp-container-core-columns-is-layout-f56f613f wp-block-columns-is-layout-flex\">\n<div class=\"wp-block-column has-border-color is-layout-flow wp-block-column-is-layout-flow\" style=\"border-color:#eeeeee;border-style:dotted;padding-top:var(--wp--preset--spacing--40);padding-right:var(--wp--preset--spacing--40);padding-bottom:var(--wp--preset--spacing--40);padding-left:var(--wp--preset--spacing--40)\">\n<h2 class=\"wp-block-heading has-text-align-center has-text-color has-link-color wp-elements-192234b0d97a21d0b53555fa94f2b17d\" style=\"color:#004563;padding-top:var(--wp--preset--spacing--20);font-size:clamp(20px, 1.25rem + ((1vw - 3.2px) * 1.364), 32px);\">\u00cates-vous pr\u00eat \u00e0 nous rejoindre ?<\/h2>\n\n\n\n<p class=\"has-text-color has-link-color has-system-font-font-family wp-elements-739778eb08baba0da6561497622ee13c wp-block-paragraph\" style=\"color:#000000;margin-right:0;margin-left:0;padding-top:0;padding-right:0;padding-bottom:0;padding-left:0;font-size:clamp(14.642px, 0.915rem + ((1vw - 3.2px) * 0.836), 22px);font-style:normal;font-weight:300\">Si vous trouvez un ou plusieurs groupes qui vous int\u00e9ressent et que vous n'\u00eates pas encore membre, adh\u00e9rez \u00e0 CANSES et cochez les cases WG lors de votre inscription.<\/p>\n\n\n\n<div class=\"wp-block-buttons is-content-justification-center is-layout-flex wp-container-core-buttons-is-layout-6b6c774e wp-block-buttons-is-layout-flex\" style=\"margin-top:0;margin-bottom:0;padding-top:var(--wp--preset--spacing--40);padding-right:0;padding-bottom:var(--wp--preset--spacing--40);padding-left:0\">\n<div class=\"is-style-fill wp-block-button\"><a class=\"wp-block-button__link has-text-color has-background has-medium-font-size has-custom-font-size wp-element-button\" href=\"https:\/\/canses.ca\/fr\/become-a-member\/\" style=\"border-style:none;border-width:0px;border-radius:10px;color:#ffffff;background-color:#004563;padding-top:var(--wp--preset--spacing--20);padding-right:var(--wp--preset--spacing--40);padding-bottom:var(--wp--preset--spacing--20);padding-left:var(--wp--preset--spacing--40);line-height:1.5;text-transform:capitalize\" target=\"_blank\" rel=\"noreferrer noopener\">Devenez membre<\/a><\/div>\n<\/div>\n<\/div>\n\n\n\n<div class=\"wp-block-column has-border-color is-layout-flow wp-block-column-is-layout-flow\" style=\"border-color:#eeeeee;border-style:dotted;padding-top:var(--wp--preset--spacing--40);padding-right:var(--wp--preset--spacing--40);padding-bottom:var(--wp--preset--spacing--40);padding-left:var(--wp--preset--spacing--40)\">\n<h2 class=\"wp-block-heading has-text-align-center has-text-color has-link-color wp-elements-b1a25836222c617d5395f3bddfd8a5ed\" style=\"color:#004563;padding-top:var(--wp--preset--spacing--20);font-size:clamp(20px, 1.25rem + ((1vw - 3.2px) * 1.364), 32px);\">\u00cates-vous d\u00e9j\u00e0 membre de CANSES ?<\/h2>\n\n\n\n<p class=\"has-text-color has-link-color has-system-font-font-family wp-elements-423c3b16f8036f8f83a8e9d889aecab9 wp-block-paragraph\" style=\"color:#000000;margin-right:0;margin-left:0;padding-top:0;padding-right:0;padding-bottom:0;padding-left:0;font-size:clamp(14.642px, 0.915rem + ((1vw - 3.2px) * 0.836), 22px);font-style:normal;font-weight:300\">Si vous \u00eates membre et souhaitez rejoindre un groupe de travail ou mettre \u00e0 jour vos pr\u00e9f\u00e9rences, il vous suffit de mettre \u00e0 jour vos pr\u00e9f\u00e9rences \u00e0 l'aide du bouton ci-dessous.<\/p>\n\n\n\n<div class=\"wp-block-buttons is-content-justification-center is-layout-flex wp-container-core-buttons-is-layout-6b6c774e wp-block-buttons-is-layout-flex\" style=\"margin-top:0;margin-bottom:0;padding-top:var(--wp--preset--spacing--40);padding-right:0;padding-bottom:var(--wp--preset--spacing--40);padding-left:0\">\n<div class=\"is-style-fill wp-block-button\"><a class=\"wp-block-button__link has-text-color has-background has-medium-font-size has-custom-font-size wp-element-button\" href=\"https:\/\/canses.ca\/fr\/working-group-preferences\/\" style=\"border-style:none;border-width:0px;border-radius:10px;color:#ffffff;background-color:#004563;padding-top:var(--wp--preset--spacing--20);padding-right:var(--wp--preset--spacing--40);padding-bottom:var(--wp--preset--spacing--20);padding-left:var(--wp--preset--spacing--40);line-height:1.5;text-transform:capitalize\">Mettre \u00e0 jour les pr\u00e9f\u00e9rences<\/a><\/div>\n<\/div>\n<\/div>\n<\/div>\n<\/section>\n\n\n\n<div style=\"height:30px\" aria-hidden=\"true\" class=\"wp-block-spacer\"><\/div>","protected":false},"excerpt":{"rendered":"<p>Nihilistic violent extremism (NVE) is rapidly becoming a prominent concern in the P\/CVE landscape. The emerging threat posed by NVE is multifaceted and addressing it will require the input and involvement of individuals from a broad range of disciplines, including areas that have not traditionally been associated with violent extremism, such as child sexual exploitation [&hellip;]<\/p>\n","protected":false},"author":1,"featured_media":141,"parent":1260,"menu_order":0,"comment_status":"closed","ping_status":"closed","template":"","meta":{"nf_dc_page":"","_crdt_document":"","footnotes":""},"class_list":["post-2334","page","type-page","status-publish","has-post-thumbnail","hentry"],"jetpack_sharing_enabled":true,"_links":{"self":[{"href":"https:\/\/canses.ca\/fr\/wp-json\/wp\/v2\/pages\/2334","targetHints":{"allow":["GET"]}}],"collection":[{"href":"https:\/\/canses.ca\/fr\/wp-json\/wp\/v2\/pages"}],"about":[{"href":"https:\/\/canses.ca\/fr\/wp-json\/wp\/v2\/types\/page"}],"author":[{"embeddable":true,"href":"https:\/\/canses.ca\/fr\/wp-json\/wp\/v2\/users\/1"}],"replies":[{"embeddable":true,"href":"https:\/\/canses.ca\/fr\/wp-json\/wp\/v2\/comments?post=2334"}],"version-history":[{"count":40,"href":"https:\/\/canses.ca\/fr\/wp-json\/wp\/v2\/pages\/2334\/revisions"}],"predecessor-version":[{"id":3287,"href":"https:\/\/canses.ca\/fr\/wp-json\/wp\/v2\/pages\/2334\/revisions\/3287"}],"up":[{"embeddable":true,"href":"https:\/\/canses.ca\/fr\/wp-json\/wp\/v2\/pages\/1260"}],"wp:featuredmedia":[{"embeddable":true,"href":"https:\/\/canses.ca\/fr\/wp-json\/wp\/v2\/media\/141"}],"wp:attachment":[{"href":"https:\/\/canses.ca\/fr\/wp-json\/wp\/v2\/media?parent=2334"}],"curies":[{"name":"wp","href":"https:\/\/api.w.org\/{rel}","templated":true}]}}