{"id":2006,"date":"2025-10-24T18:38:57","date_gmt":"2025-10-24T18:38:57","guid":{"rendered":"https:\/\/canses.ca\/?page_id=2006"},"modified":"2026-02-24T16:33:22","modified_gmt":"2026-02-24T16:33:22","slug":"canses-team","status":"publish","type":"page","link":"https:\/\/canses.ca\/fr\/canses-team\/","title":{"rendered":"\u00c9quipe CANSES"},"content":{"rendered":"<div class=\"wp-block-cover alignfull is-light has-parallax\" style=\"min-height:500px;aspect-ratio:unset;\"><span aria-hidden=\"true\" class=\"wp-block-cover__background has-white-background-color has-background-dim-70 has-background-dim\"><\/span><div aria-label=\"CANSES logo\" class=\"wp-block-cover__image-background wp-image-141 has-parallax\" role=\"img\" style=\"background-position:50% 50%;background-image:url(https:\/\/canses.ca\/wp-content\/uploads\/2025\/03\/Logo-Globe.jpg);\"><\/div><div class=\"wp-block-cover__inner-container has-global-padding is-layout-constrained wp-block-cover-is-layout-constrained\">\n<h1 class=\"wp-block-heading has-text-align-center alignfull has-text-color has-background\" style=\"color:#004563;background-color:#ffffff9e;padding-right:0;font-size:clamp(1.743rem, 1.743rem + ((1vw - 0.2rem) * 2.285), 3rem);font-style:normal;font-weight:400;text-transform:none\">L'\u00e9quipe CANSES<\/h1>\n<\/div><\/div>\n\n\n\n<div class=\"is-style-default wp-block-group alignfull has-text-color has-background has-link-color nfd-divider-ellipse wp-elements-281dda92adcddf4d86454394b4c32dcd has-global-padding is-layout-constrained wp-container-core-group-is-layout-92a0901f wp-block-group-is-layout-constrained\" style=\"color:#ffffff;background-color:#004563;margin-top:0;margin-bottom:0;padding-top:3rem;padding-right:var(--wp--preset--spacing--40);padding-bottom:var(--wp--preset--spacing--40);padding-left:var(--wp--preset--spacing--40)\">\n<div class=\"wp-block-group alignwide has-global-padding is-layout-constrained wp-container-core-group-is-layout-c20fe6a2 wp-block-group-is-layout-constrained\" style=\"padding-right:var(--wp--preset--spacing--30);padding-left:var(--wp--preset--spacing--30)\">\n<p class=\"has-system-font-font-family has-text-align-center wp-block-paragraph\" style=\"font-size:clamp(15.747px, 0.984rem + ((1vw - 3.2px) * 0.938), 24px);font-style:normal;font-weight:300\">Derri\u00e8re chaque projet, \u00e9v\u00e9nement et publication, l'\u00e9quipe CANSES veille au bon fonctionnement et \u00e0 l'efficacit\u00e9 du r\u00e9seau. Ce groupe d\u00e9vou\u00e9 g\u00e8re le travail quotidien qui relie nos membres et donne vie \u00e0 nos initiatives.<\/p>\n<\/div>\n<\/div>\n\n\n\n<div style=\"height:30px\" aria-hidden=\"true\" class=\"wp-block-spacer\"><\/div>\n\n\n\n<div id=\"our-team\" class=\"nfd-p-lg nfd-container is-style-default wp-block-group has-global-padding is-layout-constrained wp-container-core-group-is-layout-247a8a0c wp-block-group-is-layout-constrained\" style=\"padding-top:3rem;padding-bottom:3rem\">\n<div class=\"wp-block-group has-text-color has-link-color wp-elements-db1f4cdc95121887eb42a9dfcee5a6ed has-global-padding is-layout-constrained wp-block-group-is-layout-constrained\" style=\"color:#004563\">\n<div class=\"nfd-gap-xl wp-block-group alignwide is-vertical is-content-justification-center is-layout-flex wp-container-core-group-is-layout-46ceba7c wp-block-group-is-layout-flex\">\n<h2 class=\"wp-block-heading has-text-align-center alignfull has-text-color\" style=\"color:#004563;font-size:clamp(1.743rem, 1.743rem + ((1vw - 0.2rem) * 2.285), 3rem);font-style:normal;font-weight:400;text-transform:none\">Les personnes qui font que tout fonctionne<\/h2>\n<\/div>\n<\/div>\n\n\n\n<div style=\"height:10px\" aria-hidden=\"true\" class=\"wp-block-spacer\"><\/div>\n\n\n\n<div class=\"nfd-gap-y-2xl wp-block-columns are-vertically-aligned-top is-layout-flex wp-container-core-columns-is-layout-68fdf94e wp-block-columns-is-layout-flex\">\n<div class=\"nfd-gap-sm wp-block-column is-vertically-aligned-top is-layout-flow wp-block-column-is-layout-flow\">\n<figure class=\"nfd-rounded-full wp-block-image aligncenter size-full is-resized has-custom-border\"><img data-recalc-dims=\"1\" loading=\"lazy\" decoding=\"async\" width=\"311\" height=\"271\" src=\"https:\/\/i0.wp.com\/canses.ca\/wp-content\/uploads\/2025\/03\/Screen-Shot-2025-03-09-at-6.08.24-PM.png?resize=311%2C271&#038;ssl=1\" alt=\"\" class=\"wp-image-227\" style=\"border-style:none;border-width:0px;box-shadow:none;aspect-ratio:1;object-fit:cover;width:175px\" srcset=\"https:\/\/i0.wp.com\/canses.ca\/wp-content\/uploads\/2025\/03\/Screen-Shot-2025-03-09-at-6.08.24-PM.png?w=311&amp;ssl=1 311w, https:\/\/i0.wp.com\/canses.ca\/wp-content\/uploads\/2025\/03\/Screen-Shot-2025-03-09-at-6.08.24-PM.png?resize=300%2C261&amp;ssl=1 300w\" sizes=\"auto, (max-width: 311px) 100vw, 311px\" \/><\/figure>\n\n\n\n<div class=\"nfd-gap-sm wp-block-group is-vertical is-content-justification-stretch is-layout-flex wp-container-core-group-is-layout-a987baf2 wp-block-group-is-layout-flex\">\n<div class=\"nfd-gap-0 wp-block-group is-vertical is-content-justification-center is-layout-flex wp-container-core-group-is-layout-46ceba7c wp-block-group-is-layout-flex\">\n<p class=\"nfd-text-md has-text-align-left wp-block-paragraph\"><strong>Amanda Champion<\/strong><\/p>\n\n\n\n<p class=\"nfd-text-base nfd-text-faded has-text-align-center wp-block-paragraph\">\u00c9tudiant au Doctorat<\/p>\n\n\n\n<p class=\"nfd-text-base nfd-text-faded has-text-align-center wp-block-paragraph\"><a href=\"#champion\">En savoir plus<\/a><\/p>\n<\/div>\n\n\n\n<div style=\"height:0px\" aria-hidden=\"true\" class=\"wp-block-spacer wp-container-content-9760934e\"><\/div>\n<\/div>\n<\/div>\n\n\n\n<div class=\"nfd-gap-sm wp-block-column is-vertically-aligned-top is-layout-flow wp-block-column-is-layout-flow\">\n<figure class=\"nfd-rounded-full wp-block-image aligncenter size-full is-resized\"><img data-recalc-dims=\"1\" loading=\"lazy\" decoding=\"async\" width=\"645\" height=\"474\" src=\"https:\/\/i0.wp.com\/canses.ca\/wp-content\/uploads\/2025\/04\/Sara-Doering-Headshot.png?resize=645%2C474&#038;ssl=1\" alt=\"\" class=\"wp-image-488\" style=\"aspect-ratio:1;object-fit:cover;width:175px\" srcset=\"https:\/\/i0.wp.com\/canses.ca\/wp-content\/uploads\/2025\/04\/Sara-Doering-Headshot.png?w=645&amp;ssl=1 645w, https:\/\/i0.wp.com\/canses.ca\/wp-content\/uploads\/2025\/04\/Sara-Doering-Headshot.png?resize=300%2C220&amp;ssl=1 300w\" sizes=\"auto, (max-width: 645px) 100vw, 645px\" \/><\/figure>\n\n\n\n<div class=\"nfd-gap-sm wp-block-group is-vertical is-content-justification-stretch is-layout-flex wp-container-core-group-is-layout-a987baf2 wp-block-group-is-layout-flex\">\n<div class=\"nfd-gap-0 wp-block-group is-vertical is-content-justification-center is-layout-flex wp-container-core-group-is-layout-46ceba7c wp-block-group-is-layout-flex\">\n<p class=\"nfd-text-md has-text-align-left wp-block-paragraph\"><strong>Sara Doering<\/strong><\/p>\n\n\n\n<p class=\"nfd-text-base nfd-text-faded has-text-align-center wp-block-paragraph\">\u00c9tudiant au Doctorat<\/p>\n\n\n\n<p class=\"nfd-text-base nfd-text-faded has-text-align-center wp-block-paragraph\"><a href=\"#doering\">En savoir plus<\/a><\/p>\n<\/div>\n\n\n\n<div style=\"height:0px\" aria-hidden=\"true\" class=\"wp-block-spacer wp-container-content-9760934e\"><\/div>\n<\/div>\n<\/div>\n\n\n\n<div class=\"nfd-gap-sm wp-block-column is-vertically-aligned-top is-layout-flow wp-block-column-is-layout-flow\">\n<figure class=\"nfd-rounded-full wp-block-image aligncenter size-full is-resized\"><img data-recalc-dims=\"1\" loading=\"lazy\" decoding=\"async\" width=\"2560\" height=\"1707\" src=\"https:\/\/i0.wp.com\/canses.ca\/wp-content\/uploads\/2025\/11\/Mackenzie-Hart-Headshot-scaled.png?resize=2560%2C1707&#038;ssl=1\" alt=\"Mackenzie Hart Headshot\" class=\"wp-image-2504\" style=\"aspect-ratio:1;object-fit:cover;width:175px\" srcset=\"https:\/\/i0.wp.com\/canses.ca\/wp-content\/uploads\/2025\/11\/Mackenzie-Hart-Headshot-scaled.png?w=2560&amp;ssl=1 2560w, https:\/\/i0.wp.com\/canses.ca\/wp-content\/uploads\/2025\/11\/Mackenzie-Hart-Headshot-scaled.png?resize=300%2C200&amp;ssl=1 300w, https:\/\/i0.wp.com\/canses.ca\/wp-content\/uploads\/2025\/11\/Mackenzie-Hart-Headshot-scaled.png?resize=1024%2C683&amp;ssl=1 1024w, https:\/\/i0.wp.com\/canses.ca\/wp-content\/uploads\/2025\/11\/Mackenzie-Hart-Headshot-scaled.png?resize=768%2C512&amp;ssl=1 768w, https:\/\/i0.wp.com\/canses.ca\/wp-content\/uploads\/2025\/11\/Mackenzie-Hart-Headshot-scaled.png?resize=1536%2C1024&amp;ssl=1 1536w, https:\/\/i0.wp.com\/canses.ca\/wp-content\/uploads\/2025\/11\/Mackenzie-Hart-Headshot-scaled.png?resize=2048%2C1365&amp;ssl=1 2048w, https:\/\/i0.wp.com\/canses.ca\/wp-content\/uploads\/2025\/11\/Mackenzie-Hart-Headshot-scaled.png?resize=18%2C12&amp;ssl=1 18w\" sizes=\"auto, (max-width: 1000px) 100vw, 1000px\" \/><\/figure>\n\n\n\n<div class=\"nfd-gap-sm wp-block-group is-vertical is-content-justification-stretch is-layout-flex wp-container-core-group-is-layout-a987baf2 wp-block-group-is-layout-flex\">\n<div class=\"nfd-gap-0 wp-block-group is-vertical is-content-justification-center is-layout-flex wp-container-core-group-is-layout-46ceba7c wp-block-group-is-layout-flex\">\n<p class=\"nfd-text-md has-text-align-left wp-block-paragraph\"><strong>Mackenzie Hart<\/strong><\/p>\n\n\n\n<p class=\"nfd-text-base nfd-text-faded has-text-align-center wp-block-paragraph\">\u00c9tudiant au Doctorat<\/p>\n\n\n\n<p class=\"nfd-text-base nfd-text-faded has-text-align-center wp-block-paragraph\"><a href=\"#hart\">En savoir plus<\/a><\/p>\n<\/div>\n\n\n\n<div style=\"height:0px\" aria-hidden=\"true\" class=\"wp-block-spacer wp-container-content-9760934e\"><\/div>\n<\/div>\n<\/div>\n<\/div>\n\n\n\n<div class=\"nfd-gap-y-2xl wp-block-columns are-vertically-aligned-top is-layout-flex wp-container-core-columns-is-layout-68fdf94e wp-block-columns-is-layout-flex\">\n<div class=\"nfd-gap-sm wp-block-column is-vertically-aligned-top is-layout-flow wp-block-column-is-layout-flow\">\n<figure class=\"nfd-rounded-full wp-block-image aligncenter size-full is-resized\"><img data-recalc-dims=\"1\" loading=\"lazy\" decoding=\"async\" width=\"311\" height=\"271\" src=\"https:\/\/i0.wp.com\/canses.ca\/wp-content\/uploads\/2025\/03\/Screen-Shot-2025-03-09-at-6.08.24-PM.png?resize=311%2C271&#038;ssl=1\" alt=\"\" class=\"wp-image-227\" style=\"aspect-ratio:1;object-fit:cover;width:175px\" srcset=\"https:\/\/i0.wp.com\/canses.ca\/wp-content\/uploads\/2025\/03\/Screen-Shot-2025-03-09-at-6.08.24-PM.png?w=311&amp;ssl=1 311w, https:\/\/i0.wp.com\/canses.ca\/wp-content\/uploads\/2025\/03\/Screen-Shot-2025-03-09-at-6.08.24-PM.png?resize=300%2C261&amp;ssl=1 300w\" sizes=\"auto, (max-width: 311px) 100vw, 311px\" \/><\/figure>\n\n\n\n<div class=\"nfd-gap-sm wp-block-group is-vertical is-content-justification-stretch is-layout-flex wp-container-core-group-is-layout-a987baf2 wp-block-group-is-layout-flex\">\n<div class=\"nfd-gap-0 wp-block-group is-vertical is-content-justification-center is-layout-flex wp-container-core-group-is-layout-46ceba7c wp-block-group-is-layout-flex\">\n<p class=\"nfd-text-md has-text-align-left wp-block-paragraph\"><strong>Noelle Warkentin<\/strong><\/p>\n\n\n\n<p class=\"nfd-text-base nfd-text-faded has-text-align-center wp-block-paragraph\">\u00c9tudiant au Doctorat<\/p>\n\n\n\n<p class=\"nfd-text-base nfd-text-faded has-text-align-center wp-block-paragraph\"><a href=\"#warkentin\">En savoir plus<\/a><\/p>\n<\/div>\n\n\n\n<div style=\"height:0px\" aria-hidden=\"true\" class=\"wp-block-spacer wp-container-content-9760934e\"><\/div>\n<\/div>\n<\/div>\n\n\n\n<div class=\"nfd-gap-sm wp-block-column is-vertically-aligned-top is-layout-flow wp-block-column-is-layout-flow\">\n<figure class=\"nfd-rounded-full wp-block-image aligncenter size-full is-resized\"><img data-recalc-dims=\"1\" loading=\"lazy\" decoding=\"async\" width=\"504\" height=\"644\" src=\"https:\/\/i0.wp.com\/canses.ca\/wp-content\/uploads\/2025\/04\/Vanja-Zdjelar-Headshot.jpg?resize=504%2C644&#038;ssl=1\" alt=\"\" class=\"wp-image-541\" style=\"aspect-ratio:1;object-fit:cover;width:175px\" srcset=\"https:\/\/i0.wp.com\/canses.ca\/wp-content\/uploads\/2025\/04\/Vanja-Zdjelar-Headshot.jpg?w=504&amp;ssl=1 504w, https:\/\/i0.wp.com\/canses.ca\/wp-content\/uploads\/2025\/04\/Vanja-Zdjelar-Headshot.jpg?resize=235%2C300&amp;ssl=1 235w\" sizes=\"auto, (max-width: 504px) 100vw, 504px\" \/><\/figure>\n\n\n\n<div class=\"nfd-gap-sm wp-block-group is-vertical is-content-justification-stretch is-layout-flex wp-container-core-group-is-layout-a987baf2 wp-block-group-is-layout-flex\">\n<div class=\"nfd-gap-0 wp-block-group is-vertical is-content-justification-center is-layout-flex wp-container-core-group-is-layout-46ceba7c wp-block-group-is-layout-flex\">\n<p class=\"nfd-text-md has-text-align-left wp-block-paragraph\"><strong>Vanja Zdjelar<\/strong><\/p>\n\n\n\n<p class=\"nfd-text-base nfd-text-faded has-text-align-center wp-block-paragraph\">\u00c9tudiant au Doctorat<\/p>\n\n\n\n<p class=\"nfd-text-base nfd-text-faded has-text-align-center wp-block-paragraph\"><a href=\"#vzdjelar\">En savoir plus<\/a><\/p>\n<\/div>\n\n\n\n<div style=\"height:0px\" aria-hidden=\"true\" class=\"wp-block-spacer wp-container-content-9760934e\"><\/div>\n<\/div>\n<\/div>\n<\/div>\n\n\n\n<div style=\"height:20px\" aria-hidden=\"true\" class=\"wp-block-spacer\"><\/div>\n\n\n\n<div class=\"wp-block-buttons is-content-justification-center is-layout-flex wp-container-core-buttons-is-layout-b8cdbbfb wp-block-buttons-is-layout-flex\" style=\"margin-top:0;margin-bottom:0;padding-top:var(--wp--preset--spacing--40);padding-bottom:var(--wp--preset--spacing--40)\">\n<div class=\"is-style-fill wp-block-button\"><a class=\"wp-block-button__link has-text-color has-background has-medium-font-size has-custom-font-size wp-element-button\" href=\"https:\/\/canses.ca\/fr\/contact-us\/\" style=\"border-style:none;border-width:0px;border-radius:10px;color:#ffffff;background-color:#004563;padding-top:var(--wp--preset--spacing--20);padding-right:var(--wp--preset--spacing--40);padding-bottom:var(--wp--preset--spacing--20);padding-left:var(--wp--preset--spacing--40);line-height:1.5;text-transform:capitalize\">Contactez-nous<\/a><\/div>\n<\/div>\n<\/div>\n\n\n\n<div class=\"wp-block-columns alignwide is-layout-flex wp-container-core-columns-is-layout-e9a93a7b wp-block-columns-is-layout-flex\" style=\"padding-top:0;padding-right:var(--wp--preset--spacing--40);padding-bottom:0;padding-left:var(--wp--preset--spacing--40)\">\n<div class=\"wp-block-column is-layout-flow wp-block-column-is-layout-flow\" style=\"flex-basis:50%\">\n<h3 id=\"champion\" class=\"wp-block-heading has-large-font-size\">Amanda Champion<\/h3>\n\n\n\n<p class=\"has-system-font-font-family wp-block-paragraph\" style=\"font-size:clamp(14px, 0.875rem + ((1vw - 3.2px) * 0.455), 18px);font-style:normal;font-weight:300\">Amanda Champion est actuellement doctorante \u00e0 l'\u00c9cole de criminologie de l'Universit\u00e9 Simon Fraser. Ses recherches portent sur la th\u00e9orie psychologique appliqu\u00e9e aux questions de recherche en criminologie et sur la cartographie des chemins menant au suicide et \u00e0 la violence. Dans le cadre de son programme de ma\u00eetrise, elle s'int\u00e9resse \u00e9galement \u00e0 l'intersection entre la criminalit\u00e9, la communication assist\u00e9e par ordinateur, la technologie et la sexualit\u00e9.<\/p>\n<\/div>\n\n\n\n<div class=\"wp-block-column is-layout-flow wp-block-column-is-layout-flow\" style=\"flex-basis:50%\">\n<h3 id=\"doering\" class=\"wp-block-heading has-large-font-size\">Sara Doering<\/h3>\n\n\n\n<p class=\"has-system-font-font-family wp-block-paragraph\" style=\"font-size:clamp(14px, 0.875rem + ((1vw - 3.2px) * 0.455), 18px);font-style:normal;font-weight:300\">Sara Doering est doctorante \u00e0 l'\u00c9cole de criminologie de l'Universit\u00e9 Simon Fraser. Elle est \u00e9galement chercheuse \u00e0 l'Organisation pour la pr\u00e9vention de la violence. La majeure partie de ses recherches porte sur l'\u00e9tude quantitative du terrorisme, de la violence extr\u00e9miste et des crimes haineux au Canada. Ses travaux ont \u00e9t\u00e9 publi\u00e9s dans Terrorism and Political Violence, Studies in Conflict and Terrorism et par le Centre for Research and Evidence on Security Threats.<\/p>\n<\/div>\n<\/div>\n\n\n\n<div class=\"wp-block-columns alignwide is-layout-flex wp-container-core-columns-is-layout-e9a93a7b wp-block-columns-is-layout-flex\" style=\"padding-top:0;padding-right:var(--wp--preset--spacing--40);padding-bottom:0;padding-left:var(--wp--preset--spacing--40)\">\n<div class=\"wp-block-column is-layout-flow wp-block-column-is-layout-flow\" style=\"flex-basis:50%\">\n<h3 id=\"hart\" class=\"wp-block-heading has-large-font-size\">Mackenzie Hart<\/h3>\n\n\n\n<p class=\"has-system-font-font-family wp-block-paragraph\" style=\"font-size:clamp(14px, 0.875rem + ((1vw - 3.2px) * 0.455), 18px);font-style:normal;font-weight:300\">Mackenzie B. Hart est doctorante \u00e0 l'\u00c9cole de criminologie de l'Universit\u00e9 Simon Fraser. Elle a obtenu une ma\u00eetrise en terrorisme, s\u00e9curit\u00e9 et soci\u00e9t\u00e9 au King's College de Londres en 2018, puis a effectu\u00e9 un stage au Centre international d'\u00e9tude de la radicalisation. Mackenzie a \u00e9galement travaill\u00e9 \u00e0 l'Institute for Strategic Dialogue sur un projet longitudinal visant \u00e0 cartographier l'\u00e9cosyst\u00e8me en ligne des extr\u00e9mistes de droite canadiens, en plus de projets visant \u00e0 suivre la propagation de la haine, de la d\u00e9sinformation et des th\u00e9ories du complot en ligne pendant les cycles \u00e9lectoraux au Royaume-Uni, dans l'Union europ\u00e9enne, en Australie, au Canada et aux \u00c9tats-Unis. Ses recherches actuelles portent sur l'extr\u00e9misme de droite et les th\u00e9ories du complot, avec un accent particulier sur les th\u00e9ories du complot concernant les enfants, ainsi que sur la radicalisation des jeunes, la violence nihiliste et l'intersection entre la criminologie environnementale et les \u00e9tudes sur le terrorisme et la radicalisation.<\/p>\n<\/div>\n\n\n\n<div class=\"wp-block-column is-layout-flow wp-block-column-is-layout-flow\" style=\"flex-basis:50%\">\n<h3 id=\"warkentin\" class=\"wp-block-heading has-large-font-size\">Noelle Warkentin<\/h3>\n\n\n\n<p class=\"has-system-font-font-family wp-block-paragraph\" style=\"font-size:clamp(14px, 0.875rem + ((1vw - 3.2px) * 0.455), 18px);font-style:normal;font-weight:300\">Noelle Warkentin est actuellement doctorante \u00e0 l'Universit\u00e9 Simon Fraser (SFU). Elle a travaill\u00e9 sur des projets li\u00e9s aux cybermenaces pesant sur les infrastructures critiques canadiennes, \u00e0 l'identification des personnes \u00e0 risque sur les forums en ligne, \u00e0 l'instauration de la confiance sur les march\u00e9s clandestins et aux exp\u00e9riences des \u00e9tudiants autochtones \u00e0 la SFU. Elle a \u00e9galement fait partie d'une \u00e9quipe participant \u00e0 un programme d'\u00e9t\u00e9 du Human Centric Cybersecurity Partnership, dans le cadre duquel elle a pris part \u00e0 des recherches et \u00e0 la r\u00e9daction de rapports sur le comportement humain en mati\u00e8re de cybers\u00e9curit\u00e9 pour le compte d'organisations gouvernementales et priv\u00e9es. Ses principaux domaines d'int\u00e9r\u00eat sont la cybercriminalit\u00e9, la cybers\u00e9curit\u00e9, la cyberguerre et la psychologie des cybercriminels.<\/p>\n<\/div>\n<\/div>\n\n\n\n<div class=\"wp-block-columns alignwide is-layout-flex wp-container-core-columns-is-layout-e9a93a7b wp-block-columns-is-layout-flex\" style=\"padding-top:0;padding-right:var(--wp--preset--spacing--40);padding-bottom:0;padding-left:var(--wp--preset--spacing--40)\">\n<div class=\"wp-block-column is-layout-flow wp-block-column-is-layout-flow\" style=\"flex-basis:50%\">\n<h3 id=\"vzdjelar\" class=\"wp-block-heading has-large-font-size\">Vanja Zdjelar<\/h3>\n\n\n\n<p class=\"has-system-font-font-family wp-block-paragraph\" style=\"font-size:clamp(14px, 0.875rem + ((1vw - 3.2px) * 0.455), 18px);font-style:normal;font-weight:300\">Vanja Zdjelar est doctorante \u00e0 l'\u00c9cole de criminologie de l'Universit\u00e9 Simon Fraser et boursi\u00e8re du prestigieux Conseil de recherches en sciences humaines (CRSH). Ses recherches portent sur les liens entre l'extr\u00e9misme misogyne, la radicalisation en ligne et l'adh\u00e9sion des jeunes \u00e0 des id\u00e9ologies violentes. Elle s'int\u00e9resse \u00e9galement aux tendances g\u00e9n\u00e9rales de l'extr\u00e9misme de droite, nihiliste et de gauche, en mettant l'accent sur l'\u00e9laboration de strat\u00e9gies efficaces de d\u00e9sengagement et de pr\u00e9vention. Elle a pr\u00e9sent\u00e9 ses travaux lors de conf\u00e9rences nationales et internationales et a publi\u00e9 dans Critical Studies on Terrorism.<\/p>\n<\/div>\n<\/div>\n\n\n\n<div style=\"height:15px\" aria-hidden=\"true\" class=\"wp-block-spacer\"><\/div>\n\n\n\n<div class=\"wp-block-columns is-layout-flex wp-container-core-columns-is-layout-f56f613f wp-block-columns-is-layout-flex\">\n<div class=\"wp-block-column is-layout-flow wp-block-column-is-layout-flow\">\n<div class=\"wp-block-buttons is-content-justification-center is-layout-flex wp-container-core-buttons-is-layout-03ee2b94 wp-block-buttons-is-layout-flex\" style=\"margin-top:0;margin-bottom:0;padding-top:var(--wp--preset--spacing--40);padding-bottom:var(--wp--preset--spacing--40)\">\n<div class=\"is-style-fill wp-block-button\"><a class=\"wp-block-button__link has-text-color has-background has-custom-font-size wp-element-button\" href=\"https:\/\/canses.ca\/fr\/executive-members\/\" style=\"border-style:none;border-width:0px;border-radius:10px;color:#ffffff;background-color:#004563;padding-top:var(--wp--preset--spacing--20);padding-right:var(--wp--preset--spacing--40);padding-bottom:var(--wp--preset--spacing--20);padding-left:var(--wp--preset--spacing--40);font-size:clamp(14.642px, 0.915rem + ((1vw - 3.2px) * 0.836), 22px);line-height:1.5;text-transform:capitalize\">La direction de CANSES<\/a><\/div>\n\n\n\n<div class=\"is-style-fill wp-block-button\"><a class=\"wp-block-button__link has-text-color has-background has-custom-font-size wp-element-button\" href=\"https:\/\/canses.ca\/fr\/contact-us\/\" style=\"border-style:none;border-width:0px;border-radius:10px;color:#ffffff;background-color:#004563;padding-top:var(--wp--preset--spacing--20);padding-right:var(--wp--preset--spacing--40);padding-bottom:var(--wp--preset--spacing--20);padding-left:var(--wp--preset--spacing--40);font-size:clamp(14.642px, 0.915rem + ((1vw - 3.2px) * 0.836), 22px);line-height:1.5;text-transform:capitalize\">Contactez-nous<\/a><\/div>\n<\/div>\n<\/div>\n<\/div>\n\n\n\n<div style=\"height:15px\" aria-hidden=\"true\" class=\"wp-block-spacer\"><\/div>","protected":false},"excerpt":{"rendered":"<p>Behind every project, event, and publication, the CANSES Team ensures the network runs smoothly and effectively. This dedicated group manages the day-to-day work that connects our members and brings our initiatives to life. The People Who Make It All Work Amanda Champion Doctoral Student Read More Sara Doering Doctoral Student Read More Mackenzie Hart Doctoral [&hellip;]<\/p>\n","protected":false},"author":1,"featured_media":141,"parent":0,"menu_order":0,"comment_status":"closed","ping_status":"closed","template":"","meta":{"nf_dc_page":"","_crdt_document":"","footnotes":""},"class_list":["post-2006","page","type-page","status-publish","has-post-thumbnail","hentry"],"jetpack_sharing_enabled":true,"_links":{"self":[{"href":"https:\/\/canses.ca\/fr\/wp-json\/wp\/v2\/pages\/2006","targetHints":{"allow":["GET"]}}],"collection":[{"href":"https:\/\/canses.ca\/fr\/wp-json\/wp\/v2\/pages"}],"about":[{"href":"https:\/\/canses.ca\/fr\/wp-json\/wp\/v2\/types\/page"}],"author":[{"embeddable":true,"href":"https:\/\/canses.ca\/fr\/wp-json\/wp\/v2\/users\/1"}],"replies":[{"embeddable":true,"href":"https:\/\/canses.ca\/fr\/wp-json\/wp\/v2\/comments?post=2006"}],"version-history":[{"count":32,"href":"https:\/\/canses.ca\/fr\/wp-json\/wp\/v2\/pages\/2006\/revisions"}],"predecessor-version":[{"id":3121,"href":"https:\/\/canses.ca\/fr\/wp-json\/wp\/v2\/pages\/2006\/revisions\/3121"}],"wp:featuredmedia":[{"embeddable":true,"href":"https:\/\/canses.ca\/fr\/wp-json\/wp\/v2\/media\/141"}],"wp:attachment":[{"href":"https:\/\/canses.ca\/fr\/wp-json\/wp\/v2\/media?parent=2006"}],"curies":[{"name":"wp","href":"https:\/\/api.w.org\/{rel}","templated":true}]}}