{"id":1724,"date":"2025-09-14T22:40:38","date_gmt":"2025-09-14T22:40:38","guid":{"rendered":"https:\/\/canses.ca\/?page_id=1724"},"modified":"2026-02-24T16:52:11","modified_gmt":"2026-02-24T16:52:11","slug":"contact-us","status":"publish","type":"page","link":"https:\/\/canses.ca\/fr\/contact-us\/","title":{"rendered":"Contactez CANSES"},"content":{"rendered":"<div class=\"wp-block-cover alignfull is-light has-parallax\" style=\"min-height:500px;aspect-ratio:unset;\"><div role=\"img\" aria-label=\"CANSES logo\" class=\"wp-block-cover__image-background wp-image-141 size-large has-parallax\" style=\"background-position:50% 50%;background-image:url(https:\/\/canses.ca\/wp-content\/uploads\/2025\/03\/Logo-Globe-1024x904.jpg)\"><\/div><span aria-hidden=\"true\" class=\"wp-block-cover__background has-white-background-color has-background-dim-70 has-background-dim\"><\/span><div class=\"wp-block-cover__inner-container has-global-padding is-layout-constrained wp-block-cover-is-layout-constrained\">\n<h1 class=\"wp-block-heading has-text-align-center alignfull has-text-color has-background\" style=\"color:#004563;background-color:#ffffff9e;padding-right:0;font-size:clamp(1.743rem, 1.743rem + ((1vw - 0.2rem) * 2.285), 3rem);font-style:normal;font-weight:400;text-transform:none\">Contactez CANSES<\/h1>\n<\/div><\/div>\n\n\n\n<div class=\"is-style-default wp-block-group alignfull has-background nfd-divider-ellipse has-global-padding is-layout-constrained wp-container-core-group-is-layout-e9e87d9d wp-block-group-is-layout-constrained\" style=\"background-color:#004563;margin-top:0;margin-bottom:0;padding-top:3rem;padding-right:var(--wp--preset--spacing--40);padding-bottom:1rem;padding-left:var(--wp--preset--spacing--40)\">\n<div class=\"wp-block-group alignwide has-global-padding is-layout-constrained wp-container-core-group-is-layout-c20fe6a2 wp-block-group-is-layout-constrained\" style=\"padding-right:var(--wp--preset--spacing--30);padding-left:var(--wp--preset--spacing--30)\">\n<h2 class=\"has-text-color has-link-color has-system-font-font-family wp-block-heading has-text-align-center wp-elements-33fe3dbfe60fabfbc7f5a2d1e57e03ae\" style=\"color:#ffffff;font-size:clamp(17.905px, 1.119rem + ((1vw - 3.2px) * 1.147), 28px);font-style:normal;font-weight:300\">Nous serions ravis de recevoir vos commentaires!<\/h2>\n<\/div>\n<\/div>\n\n\n\n<div style=\"height:30px\" aria-hidden=\"true\" class=\"wp-block-spacer\"><\/div>\n\n\n\n<p class=\"has-text-color has-link-color has-system-font-font-family has-text-align-center has-medium-font-size wp-block-paragraph\" style=\"font-style:normal;font-weight:300\">Que vous ayez une question d'ordre g\u00e9n\u00e9ral, une demande m\u00e9diatique ou que vous souhaitiez entrer en contact avec un expert, plusieurs moyens vous permettent de joindre CANSES.<\/p>\n\n\n\n<div class=\"wp-block-columns is-layout-flex wp-container-core-columns-is-layout-b0fafe01 wp-block-columns-is-layout-flex\" style=\"margin-top:var(--wp--preset--spacing--50);margin-bottom:var(--wp--preset--spacing--50);padding-top:var(--wp--preset--spacing--60);padding-right:var(--wp--preset--spacing--60);padding-bottom:var(--wp--preset--spacing--40);padding-left:var(--wp--preset--spacing--60)\">\n<div class=\"wp-block-column is-layout-flow wp-block-column-is-layout-flow\">\n<h2 class=\"wp-block-heading has-text-color has-link-color has-large-font-size wp-elements-5833db489ed6eb73aac5e9218c15db78\" style=\"color:#004563;font-style:normal;font-weight:500\">Renseignements G\u00e9n\u00e9raux<\/h2>\n\n\n\n<p class=\"has-system-font-font-family has-medium-font-size wp-block-paragraph\" style=\"font-style:normal;font-weight:300\">Pour toute question concernant CANSES, nos recherches ou les activit\u00e9s de notre r\u00e9seau, veuillez envoyer un courriel \u00e0 : can_ses@sfu.ca.<\/p>\n<\/div>\n\n\n\n<div class=\"wp-block-column is-layout-flow wp-block-column-is-layout-flow\">\n<h2 class=\"wp-block-heading has-text-color has-link-color has-large-font-size wp-elements-99452be624323ac9c7743cc9a1853e06\" style=\"color:#004563;font-style:normal;font-weight:500\">Demandes de Renseignements des M\u00e9dias<\/h2>\n\n\n\n<p class=\"has-system-font-font-family has-medium-font-size wp-block-paragraph\" style=\"font-style:normal;font-weight:300\">Pour toute demande des m\u00e9dias ou opportunit\u00e9 d'interview, veuillez envoyer un courriel \u00e0 : can_ses@sfu.ca.<\/p>\n<\/div>\n<\/div>\n\n\n\n<div class=\"wp-block-columns is-layout-flex wp-container-core-columns-is-layout-12bee3e2 wp-block-columns-is-layout-flex\" style=\"margin-top:var(--wp--preset--spacing--50);margin-bottom:var(--wp--preset--spacing--50);padding-top:var(--wp--preset--spacing--40);padding-right:var(--wp--preset--spacing--60);padding-bottom:var(--wp--preset--spacing--60);padding-left:var(--wp--preset--spacing--60)\">\n<div class=\"wp-block-column is-layout-flow wp-block-column-is-layout-flow\">\n<h2 class=\"wp-block-heading has-text-color has-link-color has-large-font-size wp-elements-00da5e285fc3f13b19ae8662bd477248\" style=\"color:#004563;font-style:normal;font-weight:500\">Adresse Postale<\/h2>\n\n\n\n<p class=\"has-system-font-font-family has-medium-font-size wp-block-paragraph\" style=\"padding-right:var(--wp--preset--spacing--60);font-style:normal;font-weight:300\">R\u00e9seau canadien de recherche sur la s\u00e9curit\u00e9, l'extr\u00e9misme et la soci\u00e9t\u00e9 (CANSES)<br>\u00c9cole de Criminologie<br>Universit\u00e9 Simon Fraser<br>Burnaby, Colombie-Britannique, Canada<\/p>\n<\/div>\n\n\n\n<div class=\"wp-block-column is-layout-flow wp-block-column-is-layout-flow\">\n<h2 class=\"wp-block-heading has-text-color has-link-color has-large-font-size wp-elements-9e90fb50cc502f4f36b47095235dc875\" style=\"color:#004563;font-style:normal;font-weight:500\">R\u00e9seaux sociaux<\/h2>\n\n\n\n<p class=\"has-link-color has-system-font-font-family has-medium-font-size wp-elements-99c5432fa593dd5f0c102be12351cea6 wp-block-paragraph\" style=\"padding-top:var(--wp--preset--spacing--30);padding-bottom:var(--wp--preset--spacing--20);font-style:normal;font-weight:300\">Restez inform\u00e9 des derni\u00e8res actualit\u00e9s concernant notre r\u00e9seau et nos recherches sur <a href=\"https:\/\/www.linkedin.com\/company\/canses\/\" target=\"_blank\" rel=\"noopener\">LinkedIn<\/a> et <a href=\"https:\/\/www.youtube.com\/@CAN_SES\" target=\"_blank\" rel=\"noopener\">YouTube<\/a>!<\/p>\n\n\n\n<ul class=\"wp-block-social-links has-icon-background-color is-content-justification-left is-layout-flex wp-container-core-social-links-is-layout-04eb3425 wp-block-social-links-is-layout-flex\"><li style=\"background-color:#004563;\" class=\"wp-social-link wp-social-link-linkedin  wp-block-social-link\"><a href=\"https:\/\/www.linkedin.com\/company\/canses\/\" class=\"wp-block-social-link-anchor\" target=\"_blank\" rel=\"noopener\"><svg width=\"24\" height=\"24\" viewbox=\"0 0 24 24\" version=\"1.1\" xmlns=\"http:\/\/www.w3.org\/2000\/svg\" aria-hidden=\"true\" focusable=\"false\"><path d=\"M19.7,3H4.3C3.582,3,3,3.582,3,4.3v15.4C3,20.418,3.582,21,4.3,21h15.4c0.718,0,1.3-0.582,1.3-1.3V4.3 C21,3.582,20.418,3,19.7,3z M8.339,18.338H5.667v-8.59h2.672V18.338z M7.004,8.574c-0.857,0-1.549-0.694-1.549-1.548 c0-0.855,0.691-1.548,1.549-1.548c0.854,0,1.547,0.694,1.547,1.548C8.551,7.881,7.858,8.574,7.004,8.574z M18.339,18.338h-2.669 v-4.177c0-0.996-0.017-2.278-1.387-2.278c-1.389,0-1.601,1.086-1.601,2.206v4.249h-2.667v-8.59h2.559v1.174h0.037 c0.356-0.675,1.227-1.387,2.526-1.387c2.703,0,3.203,1.779,3.203,4.092V18.338z\"><\/path><\/svg><span class=\"wp-block-social-link-label screen-reader-text\">LinkedIn<\/span><\/a><\/li>\n\n<li style=\"background-color:#004563;\" class=\"wp-social-link wp-social-link-youtube  wp-block-social-link\"><a href=\"https:\/\/www.youtube.com\/@CAN_SES\" class=\"wp-block-social-link-anchor\" target=\"_blank\" rel=\"noopener\"><svg width=\"24\" height=\"24\" viewbox=\"0 0 24 24\" version=\"1.1\" xmlns=\"http:\/\/www.w3.org\/2000\/svg\" aria-hidden=\"true\" focusable=\"false\"><path d=\"M21.8,8.001c0,0-0.195-1.378-0.795-1.985c-0.76-0.797-1.613-0.801-2.004-0.847c-2.799-0.202-6.997-0.202-6.997-0.202 h-0.009c0,0-4.198,0-6.997,0.202C4.608,5.216,3.756,5.22,2.995,6.016C2.395,6.623,2.2,8.001,2.2,8.001S2,9.62,2,11.238v1.517 c0,1.618,0.2,3.237,0.2,3.237s0.195,1.378,0.795,1.985c0.761,0.797,1.76,0.771,2.205,0.855c1.6,0.153,6.8,0.201,6.8,0.201 s4.203-0.006,7.001-0.209c0.391-0.047,1.243-0.051,2.004-0.847c0.6-0.607,0.795-1.985,0.795-1.985s0.2-1.618,0.2-3.237v-1.517 C22,9.62,21.8,8.001,21.8,8.001z M9.935,14.594l-0.001-5.62l5.404,2.82L9.935,14.594z\"><\/path><\/svg><span class=\"wp-block-social-link-label screen-reader-text\">YouTube<\/span><\/a><\/li><\/ul>\n<\/div>\n<\/div>","protected":false},"excerpt":{"rendered":"<p>We\u2019d love to hear from you! Whether you have a general question, a media request, or want to connect with an expert, there are several ways to contact CANSES. General Enquiries For questions about CANSES, our research, or network activities, please email: can_ses@sfu.ca. Media Enquiries For media requests or interview opportunities, please email: can_ses@sfu.ca. Postal [&hellip;]<\/p>\n","protected":false},"author":2,"featured_media":0,"parent":0,"menu_order":0,"comment_status":"closed","ping_status":"closed","template":"","meta":{"nf_dc_page":"","_crdt_document":"","footnotes":""},"class_list":["post-1724","page","type-page","status-publish","hentry"],"jetpack_sharing_enabled":true,"_links":{"self":[{"href":"https:\/\/canses.ca\/fr\/wp-json\/wp\/v2\/pages\/1724","targetHints":{"allow":["GET"]}}],"collection":[{"href":"https:\/\/canses.ca\/fr\/wp-json\/wp\/v2\/pages"}],"about":[{"href":"https:\/\/canses.ca\/fr\/wp-json\/wp\/v2\/types\/page"}],"author":[{"embeddable":true,"href":"https:\/\/canses.ca\/fr\/wp-json\/wp\/v2\/users\/2"}],"replies":[{"embeddable":true,"href":"https:\/\/canses.ca\/fr\/wp-json\/wp\/v2\/comments?post=1724"}],"version-history":[{"count":22,"href":"https:\/\/canses.ca\/fr\/wp-json\/wp\/v2\/pages\/1724\/revisions"}],"predecessor-version":[{"id":2929,"href":"https:\/\/canses.ca\/fr\/wp-json\/wp\/v2\/pages\/1724\/revisions\/2929"}],"wp:attachment":[{"href":"https:\/\/canses.ca\/fr\/wp-json\/wp\/v2\/media?parent=1724"}],"curies":[{"name":"wp","href":"https:\/\/api.w.org\/{rel}","templated":true}]}}