{"id":1493,"date":"2025-08-01T20:31:06","date_gmt":"2025-08-01T20:31:06","guid":{"rendered":"https:\/\/canses.ca\/?page_id=1493"},"modified":"2026-02-24T18:08:16","modified_gmt":"2026-02-24T18:08:16","slug":"working-group-preferences","status":"publish","type":"page","link":"https:\/\/canses.ca\/fr\/working-group-preferences\/","title":{"rendered":"Pr\u00e9f\u00e9rences du groupe de travail CANSES"},"content":{"rendered":"\n<div class=\"wp-block-cover alignfull is-light has-parallax\" style=\"min-height:500px;aspect-ratio:unset;\"><span aria-hidden=\"true\" class=\"wp-block-cover__background has-white-background-color has-background-dim-70 has-background-dim\"><\/span><div aria-label=\"CANSES logo\" class=\"wp-block-cover__image-background wp-image-141 has-parallax\" role=\"img\" style=\"background-position:50% 50%;background-image:url(https:\/\/canses.ca\/wp-content\/uploads\/2025\/03\/Logo-Globe.jpg);\"><\/div><div class=\"wp-block-cover__inner-container has-global-padding is-layout-constrained wp-block-cover-is-layout-constrained\">\n<h1 class=\"wp-block-heading has-text-align-center alignfull has-text-color has-background\" style=\"color:#004563;background-color:#ffffff9e;font-size:clamp(1.743rem, 1.743rem + ((1vw - 0.2rem) * 2.285), 3rem);font-style:normal;font-weight:400;text-transform:none\">CANSES Working Group Preferences<\/h1>\n<\/div><\/div>\n\n\n\n<div class=\"is-style-nfd-theme-light wp-block-group alignfull has-system-font-font-family has-medium-font-size nfd-divider-ellipse has-global-padding is-layout-constrained wp-container-core-group-is-layout-92a0901f wp-block-group-is-layout-constrained\" style=\"margin-top:0;margin-bottom:0;padding-top:3rem;padding-right:var(--wp--preset--spacing--40);padding-bottom:var(--wp--preset--spacing--40);padding-left:var(--wp--preset--spacing--40);font-style:normal;font-weight:300\">\n<p class=\"has-text-align-center has-text-color has-link-color wp-elements-0a133a7be487b6e876f9244f9b0f51a8 wp-block-paragraph\" style=\"color:#000000;font-size:clamp(15.747px, 0.984rem + ((1vw - 3.2px) * 0.938), 24px);\">Keep your experience tailored to your interests. Use this page to update your CANSES Working Group (WG) preferences and stay connected with the discussions, projects, and collaborations that matter most to you.<\/p>\n<\/div>\n\n\n\n<div style=\"height:30px\" aria-hidden=\"true\" class=\"wp-block-spacer\"><\/div>\n\n\n\n<div class=\"wp-block-group has-global-padding is-layout-constrained wp-block-group-is-layout-constrained\"><style id=\"wpforms-css-vars-1477-block-996f2d8d-4644-4c6e-a21c-cb613838db59\">\n\t\t\t\t#wpforms-1477.wpforms-block-996f2d8d-4644-4c6e-a21c-cb613838db59 {\n\t\t\t\t--wpforms-label-color: #000000;\n--wpforms-label-sublabel-color: #939598;\n--wpforms-label-error-color: #ed1c24;\n--wpforms-field-border-color: #939598;\n--wpforms-field-border-color-spare: #939598;\n--wpforms-field-text-color: #000102;\n--wpforms-container-padding: 2em;\n--wpforms-button-border-radius: 5px;\n--wpforms-button-background-color: #004563;\n--wpforms-field-border-radius: 5px;\n--wpforms-background-color: rgba(0, 0, 0, 0);\n--wpforms-field-size-input-height: 50px;\n--wpforms-field-size-input-spacing: 20px;\n--wpforms-field-size-font-size: 18px;\n--wpforms-field-size-line-height: 21px;\n--wpforms-field-size-padding-h: 14px;\n--wpforms-field-size-checkbox-size: 18px;\n--wpforms-field-size-sublabel-spacing: 10px;\n--wpforms-field-size-icon-size: 1.25;\n--wpforms-label-size-font-size: 18px;\n--wpforms-label-size-line-height: 21px;\n--wpforms-label-size-sublabel-font-size: 16px;\n--wpforms-label-size-sublabel-line-height: 19px;\n--wpforms-button-size-font-size: 17px;\n--wpforms-button-size-height: 41px;\n--wpforms-button-size-padding-h: 15px;\n--wpforms-button-size-margin-top: 10px;\n--wpforms-container-shadow-size-box-shadow: 0px 3px 5px 0px rgba(0, 0, 0, 0.1);\n\t\t\t}\n\t\t\t<\/style><div class=\"wpforms-container wpforms-container-full wpforms-block wpforms-block-996f2d8d-4644-4c6e-a21c-cb613838db59 wpforms-render-modern\" id=\"wpforms-1477\"><form id=\"wpforms-form-1477\" class=\"wpforms-validate wpforms-form wpforms-ajax-form\" data-formid=\"1477\" method=\"post\" enctype=\"multipart\/form-data\" action=\"\/fr\/wp-json\/wp\/v2\/pages\/1493\" data-token=\"5ee676c591d104b5c95ff30f9ab8a713\" data-token-time=\"1777046070\"><noscript class=\"wpforms-error-noscript\">Please enable JavaScript in your browser to complete this form.<\/noscript><div id=\"wpforms-error-noscript\" style=\"display: none;\">Please enable JavaScript in your browser to complete this form.<\/div><div class=\"wpforms-field-container\">\t\t<div id=\"wpforms-1477-field_4-container\"\n\t\t\tclass=\"wpforms-field wpforms-field-text\"\n\t\t\tdata-field-type=\"text\"\n\t\t\tdata-field-id=\"4\"\n\t\t\t>\n\t\t\t<label class=\"wpforms-field-label\" for=\"wpforms-1477-field_4\" >WG, choice(s): If<\/label>\n\t\t\t<input type=\"text\" id=\"wpforms-1477-field_4\" class=\"wpforms-field-medium\" name=\"wpforms[fields][4]\" >\n\t\t<\/div>\n\t\t<div id=\"wpforms-1477-field_2-container\" class=\"wpforms-field wpforms-field-name\" data-field-id=\"2\"><fieldset><legend class=\"wpforms-field-label\">Name <span class=\"wpforms-required-label\" aria-hidden=\"true\">*<\/span><\/legend><div class=\"wpforms-field-row wpforms-field-medium\"><div class=\"wpforms-field-row-block wpforms-first wpforms-one-half\"><input type=\"text\" id=\"wpforms-1477-field_2\" class=\"wpforms-field-name-first wpforms-field-required\" name=\"wpforms[fields][2][first]\" placeholder=\"First\" aria-errormessage=\"wpforms-1477-field_2-error\" aria-describedby=\"wpforms-1477-field_2-description\" required><label for=\"wpforms-1477-field_2\" class=\"wpforms-field-sublabel after wpforms-sublabel-hide\">First<\/label><\/div><div class=\"wpforms-field-row-block wpforms-one-half\"><input type=\"text\" id=\"wpforms-1477-field_2-last\" class=\"wpforms-field-name-last wpforms-field-required\" name=\"wpforms[fields][2][last]\" placeholder=\"Last\" aria-errormessage=\"wpforms-1477-field_2-last-error\" aria-describedby=\"wpforms-1477-field_2-description\" required><label for=\"wpforms-1477-field_2-last\" class=\"wpforms-field-sublabel after wpforms-sublabel-hide\">Last<\/label><\/div><\/div><div id=\"wpforms-1477-field_2-description\" class=\"wpforms-field-description\">Please use the same name you used when registering as a CANSES member.<\/div><\/fieldset><\/div><div id=\"wpforms-1477-field_3-container\" class=\"wpforms-field wpforms-field-email\" data-field-id=\"3\"><label class=\"wpforms-field-label\" for=\"wpforms-1477-field_3\">Email <span class=\"wpforms-required-label\" aria-hidden=\"true\">*<\/span><\/label><input type=\"email\" id=\"wpforms-1477-field_3\" class=\"wpforms-field-medium wpforms-field-required\" name=\"wpforms[fields][3]\" spellcheck=\"false\" aria-errormessage=\"wpforms-1477-field_3-error\" aria-describedby=\"wpforms-1477-field_3-description\" required><div id=\"wpforms-1477-field_3-description\" class=\"wpforms-field-description\">Please sign up for WGs using the institutional email address linked to your CANSES membership.<\/div><\/div><div id=\"wpforms-1477-field_1-container\" class=\"wpforms-field wpforms-field-checkbox\" data-field-id=\"1\"><fieldset><legend class=\"wpforms-field-label\">Select all WGs you are interested in. If you previously selected a WG, please select it again, along with your new choice(s):<\/legend><ul id=\"wpforms-1477-field_1\"><li class=\"choice-1 depth-1\"><input type=\"checkbox\" id=\"wpforms-1477-field_1_1\" name=\"wpforms[fields][1][]\" value=\"Early Career Professionals\" aria-errormessage=\"wpforms-1477-field_1_1-error\" aria-describedby=\"wpforms-1477-field_1-description\"  ><label class=\"wpforms-field-label-inline\" for=\"wpforms-1477-field_1_1\">Early Career Professionals<\/label><\/li><li class=\"choice-7 depth-1\"><input type=\"checkbox\" id=\"wpforms-1477-field_1_7\" name=\"wpforms[fields][1][]\" value=\"Nihilistic Violent Extremism\" aria-errormessage=\"wpforms-1477-field_1_7-error\" aria-describedby=\"wpforms-1477-field_1-description\"  ><label class=\"wpforms-field-label-inline\" for=\"wpforms-1477-field_1_7\">Nihilistic Violent Extremism<\/label><\/li><li class=\"choice-2 depth-1\"><input type=\"checkbox\" id=\"wpforms-1477-field_1_2\" name=\"wpforms[fields][1][]\" value=\"Corrections\" aria-errormessage=\"wpforms-1477-field_1_2-error\" aria-describedby=\"wpforms-1477-field_1-description\"  ><label class=\"wpforms-field-label-inline\" for=\"wpforms-1477-field_1_2\">Corrections<\/label><\/li><li class=\"choice-3 depth-1\"><input type=\"checkbox\" id=\"wpforms-1477-field_1_3\" name=\"wpforms[fields][1][]\" value=\"Data\" aria-errormessage=\"wpforms-1477-field_1_3-error\" aria-describedby=\"wpforms-1477-field_1-description\"  ><label class=\"wpforms-field-label-inline\" for=\"wpforms-1477-field_1_3\">Data<\/label><\/li><li class=\"choice-4 depth-1\"><input type=\"checkbox\" id=\"wpforms-1477-field_1_4\" name=\"wpforms[fields][1][]\" value=\"Education\" aria-errormessage=\"wpforms-1477-field_1_4-error\" aria-describedby=\"wpforms-1477-field_1-description\"  ><label class=\"wpforms-field-label-inline\" for=\"wpforms-1477-field_1_4\">Education<\/label><\/li><li class=\"choice-5 depth-1\"><input type=\"checkbox\" id=\"wpforms-1477-field_1_5\" name=\"wpforms[fields][1][]\" value=\"Law Enforcement and National Security\" aria-errormessage=\"wpforms-1477-field_1_5-error\" aria-describedby=\"wpforms-1477-field_1-description\"  ><label class=\"wpforms-field-label-inline\" for=\"wpforms-1477-field_1_5\">Law Enforcement and National Security<\/label><\/li><li class=\"choice-6 depth-1\"><input type=\"checkbox\" id=\"wpforms-1477-field_1_6\" name=\"wpforms[fields][1][]\" value=\"Victims of Terrorism\" aria-errormessage=\"wpforms-1477-field_1_6-error\" aria-describedby=\"wpforms-1477-field_1-description\"  ><label class=\"wpforms-field-label-inline\" for=\"wpforms-1477-field_1_6\">Victims of Terrorism<\/label><\/li><\/ul><div id=\"wpforms-1477-field_1-description\" class=\"wpforms-field-description\">If you would like to be removed from a WG, please email can_ses@sfu.ca, with &#8220;Working Group Preferences&#8221; in the subject line.<\/div><\/fieldset><\/div><script>\n\t\t\t\t( function() {\n\t\t\t\t\tconst style = document.createElement( 'style' );\n\t\t\t\t\tstyle.appendChild( document.createTextNode( '#wpforms-1477-field_4-container { position: absolute !important; overflow: hidden !important; display: inline !important; height: 1px !important; width: 1px !important; z-index: -1000 !important; padding: 0 !important; } #wpforms-1477-field_4-container input { visibility: hidden; } #wpforms-conversational-form-page #wpforms-1477-field_4-container label { counter-increment: none; }' ) );\n\t\t\t\t\tdocument.head.appendChild( style );\n\t\t\t\t\tdocument.currentScript?.remove();\n\t\t\t\t} )();\n\t\t\t<\/script><\/div><!-- .wpforms-field-container --><div class=\"wpforms-submit-container\" ><input type=\"hidden\" name=\"wpforms[id]\" value=\"1477\"><input type=\"hidden\" name=\"page_title\" value=\"\"><input type=\"hidden\" name=\"page_url\" value=\"https:\/\/canses.ca\/fr\/wp-json\/wp\/v2\/pages\/1493\"><input type=\"hidden\" name=\"url_referer\" value=\"\"><button type=\"submit\" name=\"wpforms[submit]\" id=\"wpforms-submit-1477\" class=\"wpforms-submit\" data-alt-text=\"Sending...\" data-submit-text=\"Submit\" aria-live=\"assertive\" value=\"wpforms-submit\">Submit<\/button><img loading=\"lazy\" decoding=\"async\" src=\"https:\/\/canses.ca\/wp-content\/plugins\/wpforms\/assets\/images\/submit-spin.svg\" class=\"wpforms-submit-spinner\" style=\"display: none;\" width=\"26\" height=\"26\" alt=\"Loading\"><\/div><\/form><\/div>  <!-- .wpforms-container --><\/div>\n","protected":false},"excerpt":{"rendered":"<p>Personnalisez votre exp\u00e9rience en fonction de vos int\u00e9r\u00eats. Utilisez cette page pour mettre \u00e0 jour vos pr\u00e9f\u00e9rences relatives au groupe de travail CANSES et restez inform\u00e9 des discussions, projets et collaborations qui vous int\u00e9ressent le plus.<\/p>","protected":false},"author":2,"featured_media":141,"parent":0,"menu_order":0,"comment_status":"closed","ping_status":"closed","template":"","meta":{"nf_dc_page":"","_crdt_document":"","footnotes":""},"class_list":["post-1493","page","type-page","status-publish","has-post-thumbnail","hentry"],"jetpack_sharing_enabled":true,"_links":{"self":[{"href":"https:\/\/canses.ca\/fr\/wp-json\/wp\/v2\/pages\/1493","targetHints":{"allow":["GET"]}}],"collection":[{"href":"https:\/\/canses.ca\/fr\/wp-json\/wp\/v2\/pages"}],"about":[{"href":"https:\/\/canses.ca\/fr\/wp-json\/wp\/v2\/types\/page"}],"author":[{"embeddable":true,"href":"https:\/\/canses.ca\/fr\/wp-json\/wp\/v2\/users\/2"}],"replies":[{"embeddable":true,"href":"https:\/\/canses.ca\/fr\/wp-json\/wp\/v2\/comments?post=1493"}],"version-history":[{"count":19,"href":"https:\/\/canses.ca\/fr\/wp-json\/wp\/v2\/pages\/1493\/revisions"}],"predecessor-version":[{"id":3144,"href":"https:\/\/canses.ca\/fr\/wp-json\/wp\/v2\/pages\/1493\/revisions\/3144"}],"wp:featuredmedia":[{"embeddable":true,"href":"https:\/\/canses.ca\/fr\/wp-json\/wp\/v2\/media\/141"}],"wp:attachment":[{"href":"https:\/\/canses.ca\/fr\/wp-json\/wp\/v2\/media?parent=1493"}],"curies":[{"name":"wp","href":"https:\/\/api.w.org\/{rel}","templated":true}]}}